{"id":13789,"date":"2023-07-06T12:42:49","date_gmt":"2023-07-06T10:42:49","guid":{"rendered":"https:\/\/www.ketschauer-hof.com\/hotel\/ketschauer-hof\/arrival-parking-facilities\/"},"modified":"2026-01-08T12:21:25","modified_gmt":"2026-01-08T11:21:25","slug":"arrival-parking-facilities","status":"publish","type":"page","link":"https:\/\/www.ketschauer-hof.com\/en\/hotel\/ketschauer-hof\/arrival-parking-facilities\/","title":{"rendered":"Arrival &amp; parking facilities"},"content":{"rendered":"\t\t<div data-elementor-type=\"wp-page\" data-elementor-id=\"13789\" class=\"elementor elementor-13789 elementor-1378\" data-elementor-post-type=\"page\">\n\t\t\t\t<div class=\"elementor-element elementor-element-cb0f891 e-flex e-con-boxed e-con e-parent\" data-id=\"cb0f891\" data-element_type=\"container\" data-e-type=\"container\">\n\t\t\t\t\t<div class=\"e-con-inner\">\n\t\t<div class=\"elementor-element elementor-element-1baefa7 e-con-full animated-slow e-flex elementor-invisible e-con e-child\" data-id=\"1baefa7\" data-element_type=\"container\" data-e-type=\"container\" data-settings=\"{&quot;animation&quot;:&quot;fadeInUp&quot;}\">\n\t\t\t\t<div class=\"elementor-element elementor-element-a67b48e elementor-widget elementor-widget-shortcode\" data-id=\"a67b48e\" data-element_type=\"widget\" data-e-type=\"widget\" data-widget_type=\"shortcode.default\">\n\t\t\t\t\t\t\t<div class=\"elementor-shortcode\"><nav aria-label=\"breadcrumbs\" class=\"rank-math-breadcrumb\"><p><span class=\"last\">Home<\/span><\/p><\/nav><\/div>\n\t\t\t\t\t\t<\/div>\n\t\t\t\t<\/div>\n\t\t\t\t\t<\/div>\n\t\t\t\t<\/div>\n\t\t<div class=\"elementor-element elementor-element-e1d24e6 animated-slow e-flex e-con-boxed elementor-invisible e-con e-parent\" data-id=\"e1d24e6\" data-element_type=\"container\" data-e-type=\"container\" data-settings=\"{&quot;animation&quot;:&quot;fadeInUp&quot;}\">\n\t\t\t\t\t<div class=\"e-con-inner\">\n\t\t\t\t<div class=\"elementor-element elementor-element-99043c0 elementor-widget-divider--view-line elementor-widget elementor-widget-global elementor-global-12974 elementor-global-883 elementor-widget-divider\" data-id=\"99043c0\" data-element_type=\"widget\" data-e-type=\"widget\" data-widget_type=\"divider.default\">\n\t\t\t\t\t\t\t<div class=\"elementor-divider\">\n\t\t\t<span class=\"elementor-divider-separator\">\n\t\t\t\t\t\t<\/span>\n\t\t<\/div>\n\t\t\t\t\t\t<\/div>\n\t\t\t\t\t<\/div>\n\t\t\t\t<\/div>\n\t\t<div class=\"elementor-element elementor-element-e6461e5 animated-slow e-flex e-con-boxed elementor-invisible e-con e-parent\" data-id=\"e6461e5\" data-element_type=\"container\" data-e-type=\"container\" data-settings=\"{&quot;animation&quot;:&quot;fadeInUp&quot;}\">\n\t\t\t\t\t<div class=\"e-con-inner\">\n\t\t<div class=\"elementor-element elementor-element-ff3804c e-grid e-con-boxed e-con e-child\" data-id=\"ff3804c\" data-element_type=\"container\" data-e-type=\"container\">\n\t\t\t\t\t<div class=\"e-con-inner\">\n\t\t<div class=\"elementor-element elementor-element-82ec4d3 e-flex e-con-boxed e-con e-child\" data-id=\"82ec4d3\" data-element_type=\"container\" data-e-type=\"container\">\n\t\t\t\t\t<div class=\"e-con-inner\">\n\t\t\t\t<div class=\"elementor-element elementor-element-576cf05 elementor-widget elementor-widget-heading\" data-id=\"576cf05\" data-element_type=\"widget\" data-e-type=\"widget\" data-widget_type=\"heading.default\">\n\t\t\t\t\t<h2 class=\"elementor-heading-title elementor-size-default\">BY CAR<\/h2>\t\t\t\t<\/div>\n\t\t\t\t<div class=\"elementor-element elementor-element-375e3bc elementor-widget elementor-widget-text-editor\" data-id=\"375e3bc\" data-element_type=\"widget\" data-e-type=\"widget\" data-widget_type=\"text-editor.default\">\n\t\t\t\t\t\t\t\t\t<p>Coming from the A65 motorway, take the AS11 exit onto the B271 in the direction of Deidesheim\/ Bad D\u00fcrkheim and drive approx. 5 minutes to Deidesheim. <br>At the traffic circle, take the first exit towards Forst and after approx. 500 m turn left onto the &#8220;Deutsche Weinstra\u00dfe&#8221;. Stay on the wine route for approx. 1 km and turn right into Kirchgasse in the town center, before the church of St. Ulrich (traffic lights). <br>You will come directly to the north gate of the Ketschauer Hof, but turn right into Ketschauerhofstra\u00dfe to our signposted parking lot for our hotel guests. &nbsp;<br><span style=\"background-color: transparent; text-align: var(--text-align); color: var( --e-global-color-7008714 );\">The fee is 15 \u20ac \/ day.<\/span><\/p>\t\t\t\t\t\t\t\t<\/div>\n\t\t<div class=\"elementor-element elementor-element-fb0acf5 e-flex e-con-boxed e-con e-child\" data-id=\"fb0acf5\" data-element_type=\"container\" data-e-type=\"container\">\n\t\t\t\t\t<div class=\"e-con-inner\">\n\t\t\t\t<div class=\"elementor-element elementor-element-4537f78 elementor-widget elementor-widget-heading\" data-id=\"4537f78\" data-element_type=\"widget\" data-e-type=\"widget\" data-widget_type=\"heading.default\">\n\t\t\t\t\t<h2 class=\"elementor-heading-title elementor-size-default\">Charging stations at <br>our parking lot<\/h2>\t\t\t\t<\/div>\n\t\t\t\t<div class=\"elementor-element elementor-element-90aaea5 elementor-widget elementor-widget-text-editor\" data-id=\"90aaea5\" data-element_type=\"widget\" data-e-type=\"widget\" data-widget_type=\"text-editor.default\">\n\t\t\t\t\t\t\t\t\t<p>Charging points for your electric vehicles are available in our car park.<\/p><p>We charge 52 cents per kWh.<\/p>\t\t\t\t\t\t\t\t<\/div>\n\t\t\t\t\t<\/div>\n\t\t\t\t<\/div>\n\t\t\t\t\t<\/div>\n\t\t\t\t<\/div>\n\t\t<div class=\"elementor-element elementor-element-1f51f6f e-flex e-con-boxed e-con e-child\" data-id=\"1f51f6f\" data-element_type=\"container\" data-e-type=\"container\">\n\t\t\t\t\t<div class=\"e-con-inner\">\n\t\t\t\t<div class=\"elementor-element elementor-element-318a883 elementor-widget elementor-widget-heading\" data-id=\"318a883\" data-element_type=\"widget\" data-e-type=\"widget\" data-widget_type=\"heading.default\">\n\t\t\t\t\t<h2 class=\"elementor-heading-title elementor-size-default\">BY RAIL<\/h2>\t\t\t\t<\/div>\n\t\t\t\t<div class=\"elementor-element elementor-element-c1cb8fd elementor-widget elementor-widget-text-editor\" data-id=\"c1cb8fd\" data-element_type=\"widget\" data-e-type=\"widget\" data-widget_type=\"text-editor.default\">\n\t\t\t\t\t\t\t\t\t<p>Coming from Deidesheim train station, take the footpath along Bahnhofstra\u00dfe to the old town center. <br>After approx. 5 minutes you will come to Schlo\u00dfstra\u00dfe and turn left towards St. Ulrich Kirche. <br>Cross Weinstra\u00dfe at the traffic lights and turn into Kirchstra\u00dfe, approx. 100 m to the hotel. <\/p>\n<p><br><\/p>\n<p><br><\/p>\t\t\t\t\t\t\t\t<\/div>\n\t\t\t\t<div class=\"elementor-element elementor-element-2a3d1cc elementor-widget elementor-widget-spacer\" data-id=\"2a3d1cc\" data-element_type=\"widget\" data-e-type=\"widget\" data-widget_type=\"spacer.default\">\n\t\t\t\t\t\t\t<div class=\"elementor-spacer\">\n\t\t\t<div class=\"elementor-spacer-inner\"><\/div>\n\t\t<\/div>\n\t\t\t\t\t\t<\/div>\n\t\t\t\t<div class=\"elementor-element elementor-element-9b26735 elementor-widget elementor-widget-heading\" data-id=\"9b26735\" data-element_type=\"widget\" data-e-type=\"widget\" data-widget_type=\"heading.default\">\n\t\t\t\t\t<h2 class=\"elementor-heading-title elementor-size-default\">BY AEROPLANE<\/h2>\t\t\t\t<\/div>\n\t\t\t\t<div class=\"elementor-element elementor-element-9bc7f9e elementor-widget elementor-widget-text-editor\" data-id=\"9bc7f9e\" data-element_type=\"widget\" data-e-type=\"widget\" data-widget_type=\"text-editor.default\">\n\t\t\t\t\t\t\t\t\t<ul><li>from Baden-Airpark airport: approx. 45 min. to Deidesheim<\/li><li><span style=\"text-align: var(--text-align); color: var( --e-global-color-7008714 );\">from Frankfurt\/Main airport: approx. 1 h to Deidesheim<\/span><\/li><li><span style=\"text-align: var(--text-align); color: var( --e-global-color-7008714 );\">from Mannheim airport: approx. 25 min to Deidesheim <\/span><\/li><\/ul>\t\t\t\t\t\t\t\t<\/div>\n\t\t\t\t\t<\/div>\n\t\t\t\t<\/div>\n\t\t\t\t\t<\/div>\n\t\t\t\t<\/div>\n\t\t\t\t\t<\/div>\n\t\t\t\t<\/div>\n\t\t<div class=\"elementor-element elementor-element-f3342a2 animated-slow e-flex e-con-boxed elementor-invisible e-con e-parent\" data-id=\"f3342a2\" data-element_type=\"container\" data-e-type=\"container\" data-settings=\"{&quot;animation&quot;:&quot;fadeInUp&quot;}\">\n\t\t\t\t\t<div class=\"e-con-inner\">\n\t\t\t\t<div class=\"elementor-element elementor-element-573c8a0 elementor-widget elementor-widget-google_maps\" data-id=\"573c8a0\" data-element_type=\"widget\" data-e-type=\"widget\" data-widget_type=\"google_maps.default\">\n\t\t\t\t\t\t\t<div class=\"elementor-custom-embed\">\n\t\t\t <div class=\"brlbs-cmpnt-container brlbs-cmpnt-content-blocker brlbs-cmpnt-with-individual-styles\" data-borlabs-cookie-content-blocker-id=\"google-maps\" data-borlabs-cookie-content=\"PGlmcmFtZSBsb2FkaW5nPSJsYXp5IgoJCQkJCXNyYz0iaHR0cHM6Ly9tYXBzLmdvb2dsZS5jb20vbWFwcz9xPUtldHNjaGF1ZXIlMjBIb2YlMjAlQzIlQjclMjBIb3RlbCUyMCUyNiUyMFJlc3RhdXJhbnQlMjBHbWJIJiMwMzg7dD1tJiMwMzg7ej0xMCYjMDM4O291dHB1dD1lbWJlZCYjMDM4O2l3bG9jPW5lYXIiCgkJCQkJdGl0bGU9IktldHNjaGF1ZXIgSG9mIMK3IEhvdGVsICZhbXA7IFJlc3RhdXJhbnQgR21iSCIKCQkJCQlhcmlhLWxhYmVsPSJLZXRzY2hhdWVyIEhvZiDCtyBIb3RlbCAmYW1wOyBSZXN0YXVyYW50IEdtYkgiCgkJCT48L2lmcmFtZT4=\"><div class=\"brlbs-cmpnt-cb-preset-b brlbs-cmpnt-cb-google-maps\"> <div class=\"brlbs-cmpnt-cb-thumbnail\" style=\"background-image: url('https:\/\/www.ketschauer-hof.com\/wp-content\/uploads\/borlabs-cookie\/1\/brlbs-cb-google-maps-main.png')\"><\/div> <div class=\"brlbs-cmpnt-cb-main\"> <div class=\"brlbs-cmpnt-cb-content\"> <p class=\"brlbs-cmpnt-cb-description\">You are currently viewing a placeholder content from <strong>Google Maps<\/strong>. To access the actual content, click the button below. Please note that doing so will share data with third-party providers.<\/p> <a class=\"brlbs-cmpnt-cb-provider-toggle\" href=\"#\" data-borlabs-cookie-show-provider-information role=\"button\">More Information<\/a> <\/div> <div class=\"brlbs-cmpnt-cb-buttons\"> <a class=\"brlbs-cmpnt-cb-btn\" href=\"#\" data-borlabs-cookie-unblock role=\"button\">Unblock content<\/a> <a class=\"brlbs-cmpnt-cb-btn\" href=\"#\" data-borlabs-cookie-accept-service role=\"button\" style=\"display: inherit\">Accept required service and unblock content<\/a> <\/div> <\/div> <\/div><\/div>\n\t\t<\/div>\n\t\t\t\t\t\t<\/div>\n\t\t\t\t<div class=\"elementor-element elementor-element-429d573 elementor-align-center elementor-widget elementor-widget-button\" data-id=\"429d573\" data-element_type=\"widget\" data-e-type=\"widget\" data-widget_type=\"button.default\">\n\t\t\t\t\t\t\t\t\t\t<a class=\"elementor-button elementor-button-link elementor-size-md\" href=\"https:\/\/www.ketschauer-hof.com\/wp-content\/uploads\/2023\/08\/Anfahrt_Ketschauer_Hof_2018.pdf\" target=\"_blank\">\n\t\t\t\t\t\t<span class=\"elementor-button-content-wrapper\">\n\t\t\t\t\t\t\t\t\t<span class=\"elementor-button-text\">Here PDF How to find us<\/span>\n\t\t\t\t\t<\/span>\n\t\t\t\t\t<\/a>\n\t\t\t\t\t\t\t\t<\/div>\n\t\t\t\t\t<\/div>\n\t\t\t\t<\/div>\n\t\t<div class=\"elementor-element elementor-element-61d24e6 animated-slow e-flex e-con-boxed elementor-invisible e-con e-parent\" data-id=\"61d24e6\" data-element_type=\"container\" data-e-type=\"container\" data-settings=\"{&quot;animation&quot;:&quot;fadeInUp&quot;}\">\n\t\t\t\t\t<div class=\"e-con-inner\">\n\t\t\t\t<div class=\"elementor-element elementor-element-75de5d7 btn-back elementor-widget elementor-widget-button\" data-id=\"75de5d7\" data-element_type=\"widget\" data-e-type=\"widget\" data-widget_type=\"button.default\">\n\t\t\t\t\t\t\t\t\t\t<a class=\"elementor-button elementor-button-link elementor-size-xs\" href=\"#\">\n\t\t\t\t\t\t<span class=\"elementor-button-content-wrapper\">\n\t\t\t\t\t\t\t\t\t<span class=\"elementor-button-text\">back<\/span>\n\t\t\t\t\t<\/span>\n\t\t\t\t\t<\/a>\n\t\t\t\t\t\t\t\t<\/div>\n\t\t\t\t\t<\/div>\n\t\t\t\t<\/div>\n\t\t\t\t<\/div>\n\t\t","protected":false},"excerpt":{"rendered":"<p>BY CAR Coming from the A65 motorway, take the AS11 exit onto the B271 in the direction of Deidesheim\/ Bad D\u00fcrkheim and drive approx. 5 minutes to Deidesheim. At the traffic circle, take the first exit towards Forst and after approx. 500 m turn left onto the &#8220;Deutsche Weinstra\u00dfe&#8221;. Stay on the wine route for [&hellip;]<\/p>\n","protected":false},"author":4,"featured_media":0,"parent":13776,"menu_order":20,"comment_status":"closed","ping_status":"closed","template":"","meta":{"_acf_changed":false,"footnotes":"","_links_to":"","_links_to_target":""},"class_list":["post-13789","page","type-page","status-publish","hentry"],"acf":[],"_links":{"self":[{"href":"https:\/\/www.ketschauer-hof.com\/en\/wp-json\/wp\/v2\/pages\/13789","targetHints":{"allow":["GET"]}}],"collection":[{"href":"https:\/\/www.ketschauer-hof.com\/en\/wp-json\/wp\/v2\/pages"}],"about":[{"href":"https:\/\/www.ketschauer-hof.com\/en\/wp-json\/wp\/v2\/types\/page"}],"author":[{"embeddable":true,"href":"https:\/\/www.ketschauer-hof.com\/en\/wp-json\/wp\/v2\/users\/4"}],"replies":[{"embeddable":true,"href":"https:\/\/www.ketschauer-hof.com\/en\/wp-json\/wp\/v2\/comments?post=13789"}],"version-history":[{"count":2,"href":"https:\/\/www.ketschauer-hof.com\/en\/wp-json\/wp\/v2\/pages\/13789\/revisions"}],"predecessor-version":[{"id":21478,"href":"https:\/\/www.ketschauer-hof.com\/en\/wp-json\/wp\/v2\/pages\/13789\/revisions\/21478"}],"up":[{"embeddable":true,"href":"https:\/\/www.ketschauer-hof.com\/en\/wp-json\/wp\/v2\/pages\/13776"}],"wp:attachment":[{"href":"https:\/\/www.ketschauer-hof.com\/en\/wp-json\/wp\/v2\/media?parent=13789"}],"curies":[{"name":"wp","href":"https:\/\/api.w.org\/{rel}","templated":true}]}}