{"id":13858,"date":"2023-07-06T13:19:18","date_gmt":"2023-07-06T11:19:18","guid":{"rendered":"https:\/\/www.ketschauer-hof.com\/hotel\/packages-offers\/7-days-wine-route-vacation\/"},"modified":"2025-09-26T13:57:50","modified_gmt":"2025-09-26T11:57:50","slug":"7-days-wine-route-vacation","status":"publish","type":"page","link":"https:\/\/www.ketschauer-hof.com\/en\/hotel\/packages-offers\/7-days-wine-route-vacation\/","title":{"rendered":"7 days wine route vacation"},"content":{"rendered":"\t\t<div data-elementor-type=\"wp-page\" data-elementor-id=\"13858\" class=\"elementor elementor-13858 elementor-1405\" data-elementor-post-type=\"page\">\n\t\t\t\t<div class=\"elementor-element elementor-element-587daea e-flex e-con-boxed e-con e-parent\" data-id=\"587daea\" data-element_type=\"container\" data-e-type=\"container\">\n\t\t\t\t\t<div class=\"e-con-inner\">\n\t\t<div class=\"elementor-element elementor-element-79039ba e-con-full animated-slow e-flex elementor-invisible e-con e-child\" data-id=\"79039ba\" data-element_type=\"container\" data-e-type=\"container\" data-settings=\"{&quot;animation&quot;:&quot;fadeInUp&quot;}\">\n\t\t\t\t<div class=\"elementor-element elementor-element-60235e8 elementor-widget elementor-widget-shortcode\" data-id=\"60235e8\" data-element_type=\"widget\" data-e-type=\"widget\" data-widget_type=\"shortcode.default\">\n\t\t\t\t\t\t\t<div class=\"elementor-shortcode\"><nav aria-label=\"breadcrumbs\" class=\"rank-math-breadcrumb\"><p><span class=\"last\">Home<\/span><\/p><\/nav><\/div>\n\t\t\t\t\t\t<\/div>\n\t\t\t\t<\/div>\n\t\t\t\t\t<\/div>\n\t\t\t\t<\/div>\n\t\t<div class=\"elementor-element elementor-element-e4c5e2a animated-slow e-flex e-con-boxed elementor-invisible e-con e-parent\" data-id=\"e4c5e2a\" data-element_type=\"container\" data-e-type=\"container\" data-settings=\"{&quot;animation&quot;:&quot;fadeInUp&quot;}\">\n\t\t\t\t\t<div class=\"e-con-inner\">\n\t\t\t\t<div class=\"elementor-element elementor-element-e2e37e3 elementor-widget-divider--view-line elementor-widget elementor-widget-global elementor-global-12974 elementor-global-883 elementor-widget-divider\" data-id=\"e2e37e3\" data-element_type=\"widget\" data-e-type=\"widget\" data-widget_type=\"divider.default\">\n\t\t\t\t\t\t\t<div class=\"elementor-divider\">\n\t\t\t<span class=\"elementor-divider-separator\">\n\t\t\t\t\t\t<\/span>\n\t\t<\/div>\n\t\t\t\t\t\t<\/div>\n\t\t\t\t<div class=\"elementor-element elementor-element-2e3019a elementor-widget elementor-widget-text-editor\" data-id=\"2e3019a\" data-element_type=\"widget\" data-e-type=\"widget\" data-widget_type=\"text-editor.default\">\n\t\t\t\t\t\t\t\t\t<p>Walks in the vineyards, hikes in the Palatinate Forest, cycling tours in the surrounding area \u2013 it\u2019s easy to get into time-out mode here on the Wine Route. <\/p><p><strong>Send your booking request for this arrangement to <a href=\"mailto:hotel@ketschauer-hof.com\">hotel@ketschauer-hof.com<\/a><\/strong><\/p>\t\t\t\t\t\t\t\t<\/div>\n\t\t\t\t\t<\/div>\n\t\t\t\t<\/div>\n\t\t<div class=\"elementor-element elementor-element-ed63bb0 bg-gradient-gold60-white40 e-flex e-con-boxed e-con e-parent\" data-id=\"ed63bb0\" data-element_type=\"container\" data-e-type=\"container\">\n\t\t\t\t\t<div class=\"e-con-inner\">\n\t\t<div class=\"elementor-element elementor-element-a400001 e-con-full animated-slow e-flex elementor-invisible e-con e-child\" data-id=\"a400001\" data-element_type=\"container\" data-e-type=\"container\" data-settings=\"{&quot;animation&quot;:&quot;fadeInUp&quot;}\">\n\t\t\t\t<div class=\"elementor-element elementor-element-2b45d4b elementor-widget elementor-widget-text-editor\" data-id=\"2b45d4b\" data-element_type=\"widget\" data-e-type=\"widget\" data-widget_type=\"text-editor.default\">\n\t\t\t\t\t\t\t\t\t<p><strong>Included services<\/strong><\/p><ul><li>Sparkling wine on arrival<\/li><li>7 nights at least in the deluxe category<\/li><li>incl. \u00e0 la carte breakfast<\/li><li>10% discount on restaurant\/bar consumption in our restaurants<\/li><li>Comfort bathrobe and feel-good slippers<\/li><li>Midibar is refilled daily<\/li><li>WIFI<\/li><li>Tee- coffee station<\/li><li>Backpack to borrow for excursions and hikes<\/li><li>Use of the intimate wellness area with sauna, steam bath and relaxation room<\/li><\/ul>\t\t\t\t\t\t\t\t<\/div>\n\t\t\t\t<div class=\"elementor-element elementor-element-be4bd15 elementor-widget elementor-widget-text-editor\" data-id=\"be4bd15\" data-element_type=\"widget\" data-e-type=\"widget\" data-widget_type=\"text-editor.default\">\n\t\t\t\t\t\t\t\t\t<p>Arrival for this package only possible on: Tuesday, Wednesday, Thursday, Friday<\/p>\t\t\t\t\t\t\t\t<\/div>\n\t\t\t\t<div class=\"elementor-element elementor-element-d70d55b elementor-widget elementor-widget-text-editor\" data-id=\"d70d55b\" data-element_type=\"widget\" data-e-type=\"widget\" data-widget_type=\"text-editor.default\">\n\t\t\t\t\t\t\t\t\t<p><strong>Prices<\/strong><\/p>\n<ul>\n<li>2 persons in the deluxe room&nbsp; |&nbsp; total from 1.820 \u20ac<\/li>\n<li>in the Junior Suite&nbsp; with 50 \u20ac surcharge per night&nbsp;<\/li>\n<\/ul>\t\t\t\t\t\t\t\t<\/div>\n\t\t\t\t<div class=\"elementor-element elementor-element-ad3a4de elementor-widget elementor-widget-button\" data-id=\"ad3a4de\" data-element_type=\"widget\" data-e-type=\"widget\" data-widget_type=\"button.default\">\n\t\t\t\t\t\t\t\t\t\t<a class=\"elementor-button elementor-button-link elementor-size-md\" href=\"https:\/\/voucherbooking.de\/ketschauerhof\/voucher\/7bb97c7f-f0e4-449b-9b98-105a1825a415\" target=\"_blank\" rel=\"noopener\">\n\t\t\t\t\t\t<span class=\"elementor-button-content-wrapper\">\n\t\t\t\t\t\t\t\t\t<span class=\"elementor-button-text\">Voucher as a present<\/span>\n\t\t\t\t\t<\/span>\n\t\t\t\t\t<\/a>\n\t\t\t\t\t\t\t\t<\/div>\n\t\t\t\t<\/div>\n\t\t<div class=\"elementor-element elementor-element-42ca1e5 e-con-full e-flex e-con e-child\" data-id=\"42ca1e5\" data-element_type=\"container\" data-e-type=\"container\">\n\t\t\t\t<\/div>\n\t\t\t\t\t<\/div>\n\t\t\t\t<\/div>\n\t\t<div class=\"elementor-element elementor-element-7508828 e-flex e-con-boxed e-con e-parent\" data-id=\"7508828\" data-element_type=\"container\" data-e-type=\"container\">\n\t\t\t\t\t<div class=\"e-con-inner\">\n\t\t\t\t<div class=\"elementor-element elementor-element-7e36135 elementor-widget elementor-widget-gallery\" data-id=\"7e36135\" data-element_type=\"widget\" data-e-type=\"widget\" data-settings=\"{&quot;columns&quot;:3,&quot;gap&quot;:{&quot;unit&quot;:&quot;px&quot;,&quot;size&quot;:30,&quot;sizes&quot;:[]},&quot;lazyload&quot;:&quot;yes&quot;,&quot;gallery_layout&quot;:&quot;grid&quot;,&quot;columns_tablet&quot;:2,&quot;columns_mobile&quot;:1,&quot;gap_tablet&quot;:{&quot;unit&quot;:&quot;px&quot;,&quot;size&quot;:10,&quot;sizes&quot;:[]},&quot;gap_mobile&quot;:{&quot;unit&quot;:&quot;px&quot;,&quot;size&quot;:10,&quot;sizes&quot;:[]},&quot;link_to&quot;:&quot;file&quot;,&quot;aspect_ratio&quot;:&quot;3:2&quot;,&quot;overlay_background&quot;:&quot;yes&quot;,&quot;content_hover_animation&quot;:&quot;fade-in&quot;}\" data-widget_type=\"gallery.default\">\n\t\t\t\t\t\t\t<div class=\"elementor-gallery__container\">\n\t\t\t\t\t\t\t<a class=\"e-gallery-item elementor-gallery-item elementor-animated-content\" href=\"https:\/\/www.ketschauer-hof.com\/wp-content\/uploads\/2023\/09\/hotel-ketschauer-hof-0142_deluxe-zimmer-heumarkt-44.jpg\" data-elementor-open-lightbox=\"yes\" data-elementor-lightbox-slideshow=\"7e36135\" data-elementor-lightbox-title=\"Hotel Ketschauer Hof \u2013 Deluxe room Heumarkt\" data-elementor-lightbox-description=\"@ Robert Dieth\" data-e-action-hash=\"#elementor-action%3Aaction%3Dlightbox%26settings%3DeyJpZCI6MTI2NzcsInVybCI6Imh0dHBzOlwvXC93d3cua2V0c2NoYXVlci1ob2YuY29tXC93cC1jb250ZW50XC91cGxvYWRzXC8yMDIzXC8wOVwvaG90ZWwta2V0c2NoYXVlci1ob2YtMDE0Ml9kZWx1eGUtemltbWVyLWhldW1hcmt0LTQ0LmpwZyIsInNsaWRlc2hvdyI6IjdlMzYxMzUifQ%3D%3D\">\n\t\t\t\t\t<div class=\"e-gallery-image elementor-gallery-item__image\" data-thumbnail=\"https:\/\/www.ketschauer-hof.com\/wp-content\/uploads\/2023\/09\/hotel-ketschauer-hof-0142_deluxe-zimmer-heumarkt-44-300x200.jpg\" data-width=\"300\" data-height=\"200\" aria-label=\"Hotel Ketschauer Hof \u2013 Deluxe room Heumarkt\" role=\"img\" ><\/div>\n\t\t\t\t\t\t\t\t\t\t\t<div class=\"elementor-gallery-item__overlay\"><\/div>\n\t\t\t\t\t\t\t\t\t\t\t\t\t\t<\/a>\n\t\t\t\t\t\t\t<a class=\"e-gallery-item elementor-gallery-item elementor-animated-content\" href=\"https:\/\/www.ketschauer-hof.com\/wp-content\/uploads\/2023\/09\/hotel-ketschauer-hof-aussenansicht-0373.jpg\" data-elementor-open-lightbox=\"yes\" data-elementor-lightbox-slideshow=\"7e36135\" data-elementor-lightbox-title=\"Hotel Ketschauer Hof \u2013 outside\" data-elementor-lightbox-description=\"@ Robert Dieth\" data-e-action-hash=\"#elementor-action%3Aaction%3Dlightbox%26settings%3DeyJpZCI6MTI2NTQsInVybCI6Imh0dHBzOlwvXC93d3cua2V0c2NoYXVlci1ob2YuY29tXC93cC1jb250ZW50XC91cGxvYWRzXC8yMDIzXC8wOVwvaG90ZWwta2V0c2NoYXVlci1ob2YtYXVzc2VuYW5zaWNodC0wMzczLmpwZyIsInNsaWRlc2hvdyI6IjdlMzYxMzUifQ%3D%3D\">\n\t\t\t\t\t<div class=\"e-gallery-image elementor-gallery-item__image\" data-thumbnail=\"https:\/\/www.ketschauer-hof.com\/wp-content\/uploads\/2023\/09\/hotel-ketschauer-hof-aussenansicht-0373-300x181.jpg\" data-width=\"300\" data-height=\"181\" aria-label=\"Hotel Ketschauer Hof \u2013 outside\" role=\"img\" ><\/div>\n\t\t\t\t\t\t\t\t\t\t\t<div class=\"elementor-gallery-item__overlay\"><\/div>\n\t\t\t\t\t\t\t\t\t\t\t\t\t\t<\/a>\n\t\t\t\t\t\t\t<a class=\"e-gallery-item elementor-gallery-item elementor-animated-content\" href=\"https:\/\/www.ketschauer-hof.com\/wp-content\/uploads\/2023\/09\/restaurant-l-a-jordan-raeumlichkeiten-01.jpg\" data-elementor-open-lightbox=\"yes\" data-elementor-lightbox-slideshow=\"7e36135\" data-elementor-lightbox-title=\"Restaurant L.A. Jordan \u2013\u00a0R\u00e4ume\" data-elementor-lightbox-description=\"@ Kirchgasser Photography\" data-e-action-hash=\"#elementor-action%3Aaction%3Dlightbox%26settings%3DeyJpZCI6MTI2MjcsInVybCI6Imh0dHBzOlwvXC93d3cua2V0c2NoYXVlci1ob2YuY29tXC93cC1jb250ZW50XC91cGxvYWRzXC8yMDIzXC8wOVwvcmVzdGF1cmFudC1sLWEtam9yZGFuLXJhZXVtbGljaGtlaXRlbi0wMS5qcGciLCJzbGlkZXNob3ciOiI3ZTM2MTM1In0%3D\">\n\t\t\t\t\t<div class=\"e-gallery-image elementor-gallery-item__image\" data-thumbnail=\"https:\/\/www.ketschauer-hof.com\/wp-content\/uploads\/2023\/09\/restaurant-l-a-jordan-raeumlichkeiten-01-300x200.jpg\" data-width=\"300\" data-height=\"200\" aria-label=\"Raum &quot;Wintergarten &quot; im 2-Sterne-Gourmetrestaurants L. A. Jordan in Deidesheim\/ Pfalz. Vier Tische sind puristisch-stilvoll eingedeckt. Eine Wand besteht komplett aus Glas und die zur\u00fcckgezogenen Transparentgardinen geben den Blick auf den mediterran angelegten Innenhof frei. Pr\u00e4gnantes Schmuckelement des Raumes ist die kunstvoll arrangierte Designerwand. Verschiedene Elemente zitieren unsere drei Schwesterweing\u00fcter oder das Thema &quot;Kulinarik&quot; mit Abbildungen vom Koi, von der Gans oder vom Hummer. Die verwendeten Oberfl\u00e4chen sind variantenreich: Holz, Moos, Kn\u00fcpfteppich, 3-D-Tapete...\" role=\"img\" ><\/div>\n\t\t\t\t\t\t\t\t\t\t\t<div class=\"elementor-gallery-item__overlay\"><\/div>\n\t\t\t\t\t\t\t\t\t\t\t\t\t\t<\/a>\n\t\t\t\t\t\t\t<a class=\"e-gallery-item elementor-gallery-item elementor-animated-content\" href=\"https:\/\/www.ketschauer-hof.com\/wp-content\/uploads\/2023\/08\/kulinarik-restaurant-sushi-b.jpg\" data-elementor-open-lightbox=\"yes\" data-elementor-lightbox-slideshow=\"7e36135\" data-elementor-lightbox-title=\"Main room of our restaurant Sushi B. in Deidesheim\/ Palatinate.\" data-elementor-lightbox-description=\"@ Gregor Ott, GVO Media\" data-e-action-hash=\"#elementor-action%3Aaction%3Dlightbox%26settings%3DeyJpZCI6MTI1MTEsInVybCI6Imh0dHBzOlwvXC93d3cua2V0c2NoYXVlci1ob2YuY29tXC93cC1jb250ZW50XC91cGxvYWRzXC8yMDIzXC8wOFwva3VsaW5hcmlrLXJlc3RhdXJhbnQtc3VzaGktYi5qcGciLCJzbGlkZXNob3ciOiI3ZTM2MTM1In0%3D\">\n\t\t\t\t\t<div class=\"e-gallery-image elementor-gallery-item__image\" data-thumbnail=\"https:\/\/www.ketschauer-hof.com\/wp-content\/uploads\/2023\/08\/kulinarik-restaurant-sushi-b-300x215.jpg\" data-width=\"300\" data-height=\"215\" aria-label=\"Main room of our restaurant Sushi B. in Deidesheim\/Pfalz. The main room is largely black, with a geisha in black and white on the wall to the left of the passageway into the second restaurant room. To the right of the passageway is a rounded alcove with a guest table. There are tables for 2 and 4 in the middle of the room. To the left is a show kitchen, where guests can also take a seat at the bar counter.    \" role=\"img\" ><\/div>\n\t\t\t\t\t\t\t\t\t\t\t<div class=\"elementor-gallery-item__overlay\"><\/div>\n\t\t\t\t\t\t\t\t\t\t\t\t\t\t<\/a>\n\t\t\t\t\t\t\t<a class=\"e-gallery-item elementor-gallery-item elementor-animated-content\" href=\"https:\/\/www.ketschauer-hof.com\/wp-content\/uploads\/2023\/10\/kulinarik-restaurant-riva2.jpg\" data-elementor-open-lightbox=\"yes\" data-elementor-lightbox-slideshow=\"7e36135\" data-elementor-lightbox-title=\"Restaurant Riva\" data-elementor-lightbox-description=\"Profifotos, Altbestand.\" data-e-action-hash=\"#elementor-action%3Aaction%3Dlightbox%26settings%3DeyJpZCI6MTI3MzgsInVybCI6Imh0dHBzOlwvXC93d3cua2V0c2NoYXVlci1ob2YuY29tXC93cC1jb250ZW50XC91cGxvYWRzXC8yMDIzXC8xMFwva3VsaW5hcmlrLXJlc3RhdXJhbnQtcml2YTIuanBnIiwic2xpZGVzaG93IjoiN2UzNjEzNSJ9\">\n\t\t\t\t\t<div class=\"e-gallery-image elementor-gallery-item__image\" data-thumbnail=\"https:\/\/www.ketschauer-hof.com\/wp-content\/uploads\/2023\/10\/kulinarik-restaurant-riva2-300x200.jpg\" data-width=\"300\" data-height=\"200\" aria-label=\"Restaurant RIVA in Deidesheim\/ Pfalz. Eingedeckte Tafel f\u00fcr 8 Personen mit Blick auf die gl\u00e4serne Showk\u00fcche.\" role=\"img\" ><\/div>\n\t\t\t\t\t\t\t\t\t\t\t<div class=\"elementor-gallery-item__overlay\"><\/div>\n\t\t\t\t\t\t\t\t\t\t\t\t\t\t<\/a>\n\t\t\t\t\t<\/div>\n\t\t\t\t\t<\/div>\n\t\t\t\t\t<\/div>\n\t\t\t\t<\/div>\n\t\t<div class=\"elementor-element elementor-element-5afc3b5 animated-slow e-flex e-con-boxed elementor-invisible e-con e-parent\" data-id=\"5afc3b5\" data-element_type=\"container\" data-e-type=\"container\" data-settings=\"{&quot;animation&quot;:&quot;fadeInUp&quot;}\">\n\t\t\t\t\t<div class=\"e-con-inner\">\n\t\t\t\t<div class=\"elementor-element elementor-element-fba8082 btn-back elementor-widget elementor-widget-button\" data-id=\"fba8082\" data-element_type=\"widget\" data-e-type=\"widget\" data-widget_type=\"button.default\">\n\t\t\t\t\t\t\t\t\t\t<a class=\"elementor-button elementor-button-link elementor-size-xs\" href=\"#\">\n\t\t\t\t\t\t<span class=\"elementor-button-content-wrapper\">\n\t\t\t\t\t\t\t\t\t<span class=\"elementor-button-text\">back<\/span>\n\t\t\t\t\t<\/span>\n\t\t\t\t\t<\/a>\n\t\t\t\t\t\t\t\t<\/div>\n\t\t\t\t\t<\/div>\n\t\t\t\t<\/div>\n\t\t\t\t<\/div>\n\t\t","protected":false},"excerpt":{"rendered":"<p>Walks in the vineyards, hikes in the Palatinate Forest, cycling tours in the surrounding area \u2013 it\u2019s easy to get into time-out mode here on the Wine Route. Send your booking request for this arrangement to hotel@ketschauer-hof.com Included services Sparkling wine on arrival 7 nights at least in the deluxe category incl. \u00e0 la carte [&hellip;]<\/p>\n","protected":false},"author":4,"featured_media":0,"parent":13847,"menu_order":30,"comment_status":"closed","ping_status":"closed","template":"","meta":{"_acf_changed":false,"footnotes":"","_links_to":"","_links_to_target":""},"class_list":["post-13858","page","type-page","status-publish","hentry"],"acf":[],"_links":{"self":[{"href":"https:\/\/www.ketschauer-hof.com\/en\/wp-json\/wp\/v2\/pages\/13858","targetHints":{"allow":["GET"]}}],"collection":[{"href":"https:\/\/www.ketschauer-hof.com\/en\/wp-json\/wp\/v2\/pages"}],"about":[{"href":"https:\/\/www.ketschauer-hof.com\/en\/wp-json\/wp\/v2\/types\/page"}],"author":[{"embeddable":true,"href":"https:\/\/www.ketschauer-hof.com\/en\/wp-json\/wp\/v2\/users\/4"}],"replies":[{"embeddable":true,"href":"https:\/\/www.ketschauer-hof.com\/en\/wp-json\/wp\/v2\/comments?post=13858"}],"version-history":[{"count":0,"href":"https:\/\/www.ketschauer-hof.com\/en\/wp-json\/wp\/v2\/pages\/13858\/revisions"}],"up":[{"embeddable":true,"href":"https:\/\/www.ketschauer-hof.com\/en\/wp-json\/wp\/v2\/pages\/13847"}],"wp:attachment":[{"href":"https:\/\/www.ketschauer-hof.com\/en\/wp-json\/wp\/v2\/media?parent=13858"}],"curies":[{"name":"wp","href":"https:\/\/api.w.org\/{rel}","templated":true}]}}