{"id":13884,"date":"2023-07-06T13:23:48","date_gmt":"2023-07-06T11:23:48","guid":{"rendered":"https:\/\/www.ketschauer-hof.com\/hotel\/active-experience\/hiking-stopping-off-alont-the-wine-route\/from-bad-duerkheim\/"},"modified":"2025-04-07T09:11:54","modified_gmt":"2025-04-07T07:11:54","slug":"from-bad-duerkheim","status":"publish","type":"page","link":"https:\/\/www.ketschauer-hof.com\/en\/hotel\/active-experience\/hiking-stopping-off-alont-the-wine-route\/from-bad-duerkheim\/","title":{"rendered":"from Bad D\u00fcrkheim"},"content":{"rendered":"\t\t<div data-elementor-type=\"wp-page\" data-elementor-id=\"13884\" class=\"elementor elementor-13884 elementor-1429\" data-elementor-post-type=\"page\">\n\t\t\t\t<div class=\"elementor-element elementor-element-82b24ee e-flex e-con-boxed e-con e-parent\" data-id=\"82b24ee\" data-element_type=\"container\" data-e-type=\"container\">\n\t\t\t\t\t<div class=\"e-con-inner\">\n\t\t<div class=\"elementor-element elementor-element-3577723 e-con-full animated-slow e-flex elementor-invisible e-con e-child\" data-id=\"3577723\" data-element_type=\"container\" data-e-type=\"container\" data-settings=\"{&quot;animation&quot;:&quot;fadeInUp&quot;}\">\n\t\t\t\t<div class=\"elementor-element elementor-element-fb1bd89 elementor-widget elementor-widget-shortcode\" data-id=\"fb1bd89\" data-element_type=\"widget\" data-e-type=\"widget\" data-widget_type=\"shortcode.default\">\n\t\t\t\t\t\t\t<div class=\"elementor-shortcode\"><nav aria-label=\"breadcrumbs\" class=\"rank-math-breadcrumb\"><p><span class=\"last\">Home<\/span><\/p><\/nav><\/div>\n\t\t\t\t\t\t<\/div>\n\t\t\t\t<\/div>\n\t\t\t\t\t<\/div>\n\t\t\t\t<\/div>\n\t\t<div class=\"elementor-element elementor-element-7c9f37c animated-slow e-flex e-con-boxed elementor-invisible e-con e-parent\" data-id=\"7c9f37c\" data-element_type=\"container\" data-e-type=\"container\" data-settings=\"{&quot;animation&quot;:&quot;fadeInUp&quot;}\">\n\t\t\t\t\t<div class=\"e-con-inner\">\n\t\t\t\t<div class=\"elementor-element elementor-element-e1f9570 elementor-widget elementor-widget-heading\" data-id=\"e1f9570\" data-element_type=\"widget\" data-e-type=\"widget\" data-widget_type=\"heading.default\">\n\t\t\t\t\t<h2 class=\"elementor-heading-title elementor-size-medium\">Hiking &amp; Stopping off<\/h2>\t\t\t\t<\/div>\n\t\t\t\t<div class=\"elementor-element elementor-element-c7a3cbf elementor-widget-divider--view-line elementor-widget elementor-widget-global elementor-global-12974 elementor-global-883 elementor-widget-divider\" data-id=\"c7a3cbf\" data-element_type=\"widget\" data-e-type=\"widget\" data-widget_type=\"divider.default\">\n\t\t\t\t\t\t\t<div class=\"elementor-divider\">\n\t\t\t<span class=\"elementor-divider-separator\">\n\t\t\t\t\t\t<\/span>\n\t\t<\/div>\n\t\t\t\t\t\t<\/div>\n\t\t\t\t<div class=\"elementor-element elementor-element-b81cd07 elementor-widget elementor-widget-text-editor\" data-id=\"b81cd07\" data-element_type=\"widget\" data-e-type=\"widget\" data-widget_type=\"text-editor.default\">\n\t\t\t\t\t\t\t\t\t<p>A circular hiking trail to Michaeliskappe, through the vines, via the Spielberg and on to the Roman villa &#8220;Weilberg&#8221;. A varied tour with lots to see!<\/p>\n\t\t\t\t\t\t\t\t<\/div>\n\t\t\t\t\t<\/div>\n\t\t\t\t<\/div>\n\t\t<div class=\"elementor-element elementor-element-15502ff bg-gradient-gold60-white40 e-flex e-con-boxed e-con e-parent\" data-id=\"15502ff\" data-element_type=\"container\" data-e-type=\"container\">\n\t\t\t\t\t<div class=\"e-con-inner\">\n\t\t<div class=\"elementor-element elementor-element-b7255be e-con-full animated-slow e-flex elementor-invisible e-con e-child\" data-id=\"b7255be\" data-element_type=\"container\" data-e-type=\"container\" data-settings=\"{&quot;animation&quot;:&quot;fadeInUp&quot;}\">\n\t\t\t\t<div class=\"elementor-element elementor-element-2dd8d11 elementor-widget elementor-widget-heading\" data-id=\"2dd8d11\" data-element_type=\"widget\" data-e-type=\"widget\" data-widget_type=\"heading.default\">\n\t\t\t\t\t<h2 class=\"elementor-heading-title elementor-size-default\">MICHEALS CHAPEL &amp; ROMAN WINERY \"WEILBERG\"<\/h2>\t\t\t\t<\/div>\n\t\t\t\t<div class=\"elementor-element elementor-element-f59ac6d elementor-widget-divider--view-line elementor-widget elementor-widget-divider\" data-id=\"f59ac6d\" data-element_type=\"widget\" data-e-type=\"widget\" data-widget_type=\"divider.default\">\n\t\t\t\t\t\t\t<div class=\"elementor-divider\">\n\t\t\t<span class=\"elementor-divider-separator\">\n\t\t\t\t\t\t<\/span>\n\t\t<\/div>\n\t\t\t\t\t\t<\/div>\n\t\t\t\t<div class=\"elementor-element elementor-element-42f5613 elementor-widget elementor-widget-text-editor\" data-id=\"42f5613\" data-element_type=\"widget\" data-e-type=\"widget\" data-widget_type=\"text-editor.default\">\n\t\t\t\t\t\t\t\t\t<p>In Bad D\u00fcrkheim, it is best to park in the Wurstmarkt parking lot (this is also where the famous <strong>D\u00fcrkheim giant barrel<\/strong> is located). <\/p>\n<p>You start the hike from the Wurstmarkt and walk to the Wurstmarkt roundabout. Turn left after the Agip petrol station at the Lang winery and follow the steps to the <strong>Michaeliskapelle chapel<\/strong>. <br \/>Barrier-free alternative: Turn into Sachsenh\u00fctter Stra\u00dfe before the Agip petrol station. At the end of the road, turn right up into the vineyards to the small crossroads surrounded by dry stone walls. (You can take a detour to the right up to the chapel on Michelsberg, where the stairway also ends). <\/p>\n<p>From the chapel you come to a crossroads surrounded by dry stone walls, here you walk straight ahead slightly uphill. The logo takes you pass the R\u00f6merkelter wine press, immediately after the press you turn left uphill to the Rebmuseum. At the end, turn right to the <b>Roman winery Weilberg<\/b>. After the tour, follow the logo through the noble wine village of Ungstein. Keep right and pass the winery Wolf and onto Spielbergweg. Follow this wonderful path along the <b>ridge of the Spielberg<\/b> until it rejoins the wine route. Continue straight ahead and turn right into the vineyards.<\/p>\n<p>At the <b>winery Pfeffingen<\/b> turn right and follow the path slightly uphill to the crossroads. Straight ahead it leads to the first houses. Here you turn immediately left into Sachsenh\u00fctter Stra\u00dfe. At the end of the street, cross Weinstra\u00dfe Nord and return to the start, Wurstmarktplatz. At the end of the street, cross Weinstra\u00dfe Nord and return to the start, Wurstmarktplatz.<\/p>\n<p><a href=\"https:\/\/www.outdooractive.com\/de\/route\/wanderung\/pfalz\/pfalz-wein-wege-rundweg-roemisches-weingut-weilberg\/54119120\/#dmdtab=oax-tab2\" target=\"_blank\" rel=\"noopener\"><strong>Tour details<\/strong><\/a><br \/>Difficulty: easy<br \/>Distance: 5.9 km<br \/>Duration: 1.35 h<\/p>\n<p><a href=\"https:\/\/www.outdooractive.com\/de\/route\/wanderung\/pfalz\/pfalz-wein-wege-rundweg-roemisches-weingut-weilberg\/54119120\/#dm=1&amp;dmdtab=oax-tab2\" target=\"_blank\" rel=\"noopener\"><strong>Hiking map<\/strong><\/a><\/p>\n\t\t\t\t\t\t\t\t<\/div>\n\t\t\t\t<\/div>\n\t\t<div class=\"elementor-element elementor-element-c12218e e-con-full animated-slow e-flex elementor-invisible e-con e-child\" data-id=\"c12218e\" data-element_type=\"container\" data-e-type=\"container\" data-settings=\"{&quot;animation&quot;:&quot;fadeInUp&quot;}\">\n\t\t\t\t<div class=\"elementor-element elementor-element-06b39ea elementor--h-position-left elementor--v-position-bottom img-slide-with-caption elementor-widget elementor-widget-slides\" data-id=\"06b39ea\" data-element_type=\"widget\" data-e-type=\"widget\" data-settings=\"{&quot;navigation&quot;:&quot;none&quot;,&quot;autoplay&quot;:&quot;yes&quot;,&quot;pause_on_hover&quot;:&quot;yes&quot;,&quot;pause_on_interaction&quot;:&quot;yes&quot;,&quot;autoplay_speed&quot;:5000,&quot;infinite&quot;:&quot;yes&quot;,&quot;transition&quot;:&quot;slide&quot;,&quot;transition_speed&quot;:500}\" data-widget_type=\"slides.default\">\n\t\t\t\t\t\t\t\t\t\t<div class=\"elementor-slides-wrapper elementor-main-swiper swiper\" role=\"region\" aria-roledescription=\"carousel\" aria-label=\"Slider\" dir=\"ltr\" data-animation=\"fadeInUp\">\n\t\t\t\t<div class=\"swiper-wrapper elementor-slides\">\n\t\t\t\t\t\t\t\t\t\t<div class=\"elementor-repeater-item-58a2e9a swiper-slide\" role=\"group\" aria-roledescription=\"slide\"><div class=\"swiper-slide-bg\" role=\"img\" aria-label=\"Wandern: Bad D\u00fcrkheim \u2013 Pfad \u00fcber den Weinberg  \/ \u00a9 Shutterstock\"><\/div><div class=\"swiper-slide-inner\" ><div class=\"swiper-slide-contents\"><\/div><\/div><\/div><div class=\"elementor-repeater-item-f6cb0ec swiper-slide\" role=\"group\" aria-roledescription=\"slide\"><div class=\"swiper-slide-bg\" role=\"img\" aria-label=\"Michaeliskapelle in Bad D\u00fcrkheim\/ Pfalz\"><\/div><div class=\"swiper-slide-inner\" ><div class=\"swiper-slide-contents\"><\/div><\/div><\/div>\t\t\t\t<\/div>\n\t\t\t\t\t\t\t\t\t\t\t\t\t\t\t\t\t\t\t\t\t<\/div>\n\t\t\t\t\t\t\t\t<\/div>\n\t\t\t\t<\/div>\n\t\t\t\t\t<\/div>\n\t\t\t\t<\/div>\n\t\t<div class=\"elementor-element elementor-element-17fcef2 animated-slow e-flex e-con-boxed elementor-invisible e-con e-parent\" data-id=\"17fcef2\" data-element_type=\"container\" data-e-type=\"container\" data-settings=\"{&quot;animation&quot;:&quot;fadeInUp&quot;}\">\n\t\t\t\t\t<div class=\"e-con-inner\">\n\t\t\t\t<div class=\"elementor-element elementor-element-ae70a77 btn-back elementor-widget elementor-widget-button\" data-id=\"ae70a77\" data-element_type=\"widget\" data-e-type=\"widget\" data-widget_type=\"button.default\">\n\t\t\t\t\t\t\t\t\t\t<a class=\"elementor-button elementor-button-link elementor-size-xs\" href=\"#\">\n\t\t\t\t\t\t<span class=\"elementor-button-content-wrapper\">\n\t\t\t\t\t\t\t\t\t<span class=\"elementor-button-text\">back<\/span>\n\t\t\t\t\t<\/span>\n\t\t\t\t\t<\/a>\n\t\t\t\t\t\t\t\t<\/div>\n\t\t\t\t\t<\/div>\n\t\t\t\t<\/div>\n\t\t\t\t<\/div>\n\t\t","protected":false},"excerpt":{"rendered":"<p>Hiking &amp; Stopping off A circular hiking trail to Michaeliskappe, through the vines, via the Spielberg and on to the Roman villa &#8220;Weilberg&#8221;. A varied tour with lots to see! MICHEALS CHAPEL &amp; ROMAN WINERY &#8220;WEILBERG&#8221; In Bad D\u00fcrkheim, it is best to park in the Wurstmarkt parking lot (this is also where the famous [&hellip;]<\/p>\n","protected":false},"author":4,"featured_media":0,"parent":13872,"menu_order":40,"comment_status":"closed","ping_status":"closed","template":"","meta":{"_acf_changed":false,"footnotes":"","_links_to":"","_links_to_target":""},"class_list":["post-13884","page","type-page","status-publish","hentry"],"acf":[],"_links":{"self":[{"href":"https:\/\/www.ketschauer-hof.com\/en\/wp-json\/wp\/v2\/pages\/13884","targetHints":{"allow":["GET"]}}],"collection":[{"href":"https:\/\/www.ketschauer-hof.com\/en\/wp-json\/wp\/v2\/pages"}],"about":[{"href":"https:\/\/www.ketschauer-hof.com\/en\/wp-json\/wp\/v2\/types\/page"}],"author":[{"embeddable":true,"href":"https:\/\/www.ketschauer-hof.com\/en\/wp-json\/wp\/v2\/users\/4"}],"replies":[{"embeddable":true,"href":"https:\/\/www.ketschauer-hof.com\/en\/wp-json\/wp\/v2\/comments?post=13884"}],"version-history":[{"count":0,"href":"https:\/\/www.ketschauer-hof.com\/en\/wp-json\/wp\/v2\/pages\/13884\/revisions"}],"up":[{"embeddable":true,"href":"https:\/\/www.ketschauer-hof.com\/en\/wp-json\/wp\/v2\/pages\/13872"}],"wp:attachment":[{"href":"https:\/\/www.ketschauer-hof.com\/en\/wp-json\/wp\/v2\/media?parent=13884"}],"curies":[{"name":"wp","href":"https:\/\/api.w.org\/{rel}","templated":true}]}}