{"id":13935,"date":"2023-07-06T13:27:26","date_gmt":"2023-07-06T11:27:26","guid":{"rendered":"https:\/\/www.ketschauer-hof.com\/hotel\/picture-gallery\/"},"modified":"2025-11-26T14:46:16","modified_gmt":"2025-11-26T13:46:16","slug":"picture-gallery","status":"publish","type":"page","link":"https:\/\/www.ketschauer-hof.com\/en\/hotel\/picture-gallery\/","title":{"rendered":"Gallery"},"content":{"rendered":"\t\t<div data-elementor-type=\"wp-page\" data-elementor-id=\"13935\" class=\"elementor elementor-13935 elementor-1453\" data-elementor-post-type=\"page\">\n\t\t\t\t<div class=\"elementor-element elementor-element-131709f0 e-flex e-con-boxed e-con e-parent\" data-id=\"131709f0\" data-element_type=\"container\" data-e-type=\"container\">\n\t\t\t\t\t<div class=\"e-con-inner\">\n\t\t<div class=\"elementor-element elementor-element-72cac56c e-con-full animated-slow e-flex elementor-invisible e-con e-child\" data-id=\"72cac56c\" data-element_type=\"container\" data-e-type=\"container\" data-settings=\"{&quot;animation&quot;:&quot;fadeInUp&quot;}\">\n\t\t\t\t<div class=\"elementor-element elementor-element-4db28d92 elementor-widget elementor-widget-shortcode\" data-id=\"4db28d92\" data-element_type=\"widget\" data-e-type=\"widget\" data-widget_type=\"shortcode.default\">\n\t\t\t\t\t\t\t<div class=\"elementor-shortcode\"><nav aria-label=\"breadcrumbs\" class=\"rank-math-breadcrumb\"><p><span class=\"last\">Home<\/span><\/p><\/nav><\/div>\n\t\t\t\t\t\t<\/div>\n\t\t\t\t<\/div>\n\t\t\t\t\t<\/div>\n\t\t\t\t<\/div>\n\t\t<div class=\"elementor-element elementor-element-4deba7a4 animated-slow e-flex e-con-boxed elementor-invisible e-con e-parent\" data-id=\"4deba7a4\" data-element_type=\"container\" data-e-type=\"container\" data-settings=\"{&quot;animation&quot;:&quot;fadeInUp&quot;}\">\n\t\t\t\t\t<div class=\"e-con-inner\">\n\t\t\t\t<div class=\"elementor-element elementor-element-2dec08c elementor-widget elementor-widget-heading\" data-id=\"2dec08c\" data-element_type=\"widget\" data-e-type=\"widget\" data-widget_type=\"heading.default\">\n\t\t\t\t\t<h2 class=\"elementor-heading-title elementor-size-medium\">Hotel Ketschauer Hof<\/h2>\t\t\t\t<\/div>\n\t\t\t\t<div class=\"elementor-element elementor-element-478b66f4 elementor-widget-divider--view-line elementor-widget elementor-widget-global elementor-global-12974 elementor-global-883 elementor-widget-divider\" data-id=\"478b66f4\" data-element_type=\"widget\" data-e-type=\"widget\" data-widget_type=\"divider.default\">\n\t\t\t\t\t\t\t<div class=\"elementor-divider\">\n\t\t\t<span class=\"elementor-divider-separator\">\n\t\t\t\t\t\t<\/span>\n\t\t<\/div>\n\t\t\t\t\t\t<\/div>\n\t\t\t\t\t<\/div>\n\t\t\t\t<\/div>\n\t\t<div class=\"elementor-element elementor-element-c32b03e animated-slow e-flex e-con-boxed elementor-invisible e-con e-parent\" data-id=\"c32b03e\" data-element_type=\"container\" data-e-type=\"container\" data-settings=\"{&quot;animation&quot;:&quot;fadeInUp&quot;}\">\n\t\t\t\t\t<div class=\"e-con-inner\">\n\t\t\t\t<div class=\"elementor-element elementor-element-c41b962 elementor-widget elementor-widget-ucaddon_uc_compact_image_theme\" data-id=\"c41b962\" data-element_type=\"widget\" data-e-type=\"widget\" data-widget_type=\"ucaddon_uc_compact_image_theme.default\">\n\t\t\t\t<div class=\"elementor-widget-container\">\n\t\t\t\t\t\n<!-- start Compact Gallery -->\n\t\t<link id='unitegallery-css' href='https:\/\/www.ketschauer-hof.com\/wp-content\/plugins\/unlimited-elements-for-elementor\/assets_libraries\/unitegallery\/css\/unite-gallery.css' type='text\/css' rel='stylesheet' >\n\n\n<div id=\"uc_uc_compact_image_theme_elementor_c41b962\" class=\"uc-items-wrapper  \" style=\"display:none; margin:0 auto;\"  data-remote-type=\"gallery\" data-custom-sethtml=\"true\" >\n\n\n<img decoding=\"async\" alt=\"Weihnachtstimmung im Genussresort Ketschauer Hof in Deidesheim, Pfalz\"\n   src=\"https:\/\/www.ketschauer-hof.com\/wp-content\/uploads\/2024\/12\/KHO_Home_Weihnachten-20241205_Z6_3604-768x604.jpg\"\n    data-image=\"https:\/\/www.ketschauer-hof.com\/wp-content\/uploads\/2024\/12\/KHO_Home_Weihnachten-20241205_Z6_3604-1024x805.jpg\"\n    data-title=\"Weihnachtstimmung im Genussresort Ketschauer Hof in Deidesheim, Pfalz\"\n    data-description=\"Weihnachtstimmung im Genussresort Ketschauer Hof in Deidesheim, Pfalz\">\n\n<img decoding=\"async\" alt=\"Weihnachtstimmung im Genussresort Ketschauer Hof in Deidesheim, Pfalz\"\n   src=\"https:\/\/www.ketschauer-hof.com\/wp-content\/uploads\/2024\/12\/KHO_Home_Weihnachten-20241205_Z6_3597-768x511.jpg\"\n    data-image=\"https:\/\/www.ketschauer-hof.com\/wp-content\/uploads\/2024\/12\/KHO_Home_Weihnachten-20241205_Z6_3597-1024x681.jpg\"\n    data-title=\"Weihnachtstimmung im Genussresort Ketschauer Hof in Deidesheim, Pfalz\"\n    data-description=\"Weihnachtstimmung im Genussresort Ketschauer Hof in Deidesheim, Pfalz\">\n\n<img decoding=\"async\" alt=\"Weihnachtstimmung im Genussresort Ketschauer Hof in Deidesheim, Pfalz\"\n   src=\"https:\/\/www.ketschauer-hof.com\/wp-content\/uploads\/2024\/12\/KHO_Home_Weihnachten-20241205_Z6_3572-768x511.jpg\"\n    data-image=\"https:\/\/www.ketschauer-hof.com\/wp-content\/uploads\/2024\/12\/KHO_Home_Weihnachten-20241205_Z6_3572-1024x681.jpg\"\n    data-title=\"Weihnachtstimmung im Genussresort Ketschauer Hof in Deidesheim, Pfalz\"\n    data-description=\"Weihnachtstimmung im Genussresort Ketschauer Hof in Deidesheim, Pfalz\">\n\n<img decoding=\"async\" alt=\"Weihnachtstimmung im Genussresort Ketschauer Hof in Deidesheim, Pfalz\"\n   src=\"https:\/\/www.ketschauer-hof.com\/wp-content\/uploads\/2024\/12\/KHO_Home_Weihnachten-20241205_Z6_3569-768x511.jpg\"\n    data-image=\"https:\/\/www.ketschauer-hof.com\/wp-content\/uploads\/2024\/12\/KHO_Home_Weihnachten-20241205_Z6_3569-1024x681.jpg\"\n    data-title=\"Weihnachtstimmung im Genussresort Ketschauer Hof in Deidesheim, Pfalz\"\n    data-description=\"Weihnachtstimmung im Genussresort Ketschauer Hof in Deidesheim, Pfalz\">\n\n<img decoding=\"async\" alt=\"Weihnachtstimmung im Genussresort Ketschauer Hof in Deidesheim, Pfalz\"\n   src=\"https:\/\/www.ketschauer-hof.com\/wp-content\/uploads\/2024\/12\/KHO_Home_Weihnachten-20241205_Z6_3539-768x464.jpg\"\n    data-image=\"https:\/\/www.ketschauer-hof.com\/wp-content\/uploads\/2024\/12\/KHO_Home_Weihnachten-20241205_Z6_3539-1024x618.jpg\"\n    data-title=\"Weihnachtstimmung im Genussresort Ketschauer Hof in Deidesheim, Pfalz\"\n    data-description=\"Weihnachtstimmung im Genussresort Ketschauer Hof in Deidesheim, Pfalz\">\n\n<img decoding=\"async\" alt=\" Pfalz\"\n   src=\"https:\/\/www.ketschauer-hof.com\/wp-content\/uploads\/2023\/08\/Ketschauer-Hof_2872_Bassermann_Suite-768x512.jpg\"\n    data-image=\"https:\/\/www.ketschauer-hof.com\/wp-content\/uploads\/2023\/08\/Ketschauer-Hof_2872_Bassermann_Suite-1024x682.jpg\"\n    data-title=\" Pfalz\"\n    data-description=\" Pfalz\">\n\n<img decoding=\"async\" alt=\" Pfalz\"\n   src=\"https:\/\/www.ketschauer-hof.com\/wp-content\/uploads\/2023\/08\/Ketschauer-Hof_2862_Bassermann_Suite-768x512.jpg\"\n    data-image=\"https:\/\/www.ketschauer-hof.com\/wp-content\/uploads\/2023\/08\/Ketschauer-Hof_2862_Bassermann_Suite-1024x682.jpg\"\n    data-title=\" Pfalz\"\n    data-description=\" Pfalz\">\n\n<img decoding=\"async\" alt=\" Pfalz\"\n   src=\"https:\/\/www.ketschauer-hof.com\/wp-content\/uploads\/2023\/08\/Ketschauer-Hof_2853_Bassermann_Suite-768x512.jpg\"\n    data-image=\"https:\/\/www.ketschauer-hof.com\/wp-content\/uploads\/2023\/08\/Ketschauer-Hof_2853_Bassermann_Suite-1024x682.jpg\"\n    data-title=\" Pfalz\"\n    data-description=\" Pfalz\">\n\n<img decoding=\"async\" alt=\" Pfalz\"\n   src=\"https:\/\/www.ketschauer-hof.com\/wp-content\/uploads\/2023\/08\/Ketschauer-Hof_2841_Bassermann_Suite-768x512.jpg\"\n    data-image=\"https:\/\/www.ketschauer-hof.com\/wp-content\/uploads\/2023\/08\/Ketschauer-Hof_2841_Bassermann_Suite-1024x682.jpg\"\n    data-title=\" Pfalz\"\n    data-description=\" Pfalz\">\n\n<img decoding=\"async\" alt=\" Pfalz\"\n   src=\"https:\/\/www.ketschauer-hof.com\/wp-content\/uploads\/2023\/08\/Ketschauer-Hof_2744_Bassermann_Suite-768x512.jpg\"\n    data-image=\"https:\/\/www.ketschauer-hof.com\/wp-content\/uploads\/2023\/08\/Ketschauer-Hof_2744_Bassermann_Suite-1024x682.jpg\"\n    data-title=\" Pfalz\"\n    data-description=\" Pfalz\">\n\n<img decoding=\"async\" alt=\" Pfalz\"\n   src=\"https:\/\/www.ketschauer-hof.com\/wp-content\/uploads\/2023\/08\/Ketschauer-Hof_2735_Bassermann_Suite-768x512.jpg\"\n    data-image=\"https:\/\/www.ketschauer-hof.com\/wp-content\/uploads\/2023\/08\/Ketschauer-Hof_2735_Bassermann_Suite-1024x682.jpg\"\n    data-title=\" Pfalz\"\n    data-description=\" Pfalz\">\n\n<img decoding=\"async\" alt=\" Pfalz\"\n   src=\"https:\/\/www.ketschauer-hof.com\/wp-content\/uploads\/2023\/08\/Ketschauer-Hof_2731_L3_Bassermann_Suite-768x512.jpg\"\n    data-image=\"https:\/\/www.ketschauer-hof.com\/wp-content\/uploads\/2023\/08\/Ketschauer-Hof_2731_L3_Bassermann_Suite-1024x682.jpg\"\n    data-title=\" Pfalz\"\n    data-description=\" Pfalz\">\n\n<img decoding=\"async\" alt=\" Pfalz\"\n   src=\"https:\/\/www.ketschauer-hof.com\/wp-content\/uploads\/2023\/08\/Ketschauer-Hof_2731_L2_Bassermann_Suite-768x512.jpg\"\n    data-image=\"https:\/\/www.ketschauer-hof.com\/wp-content\/uploads\/2023\/08\/Ketschauer-Hof_2731_L2_Bassermann_Suite-1024x682.jpg\"\n    data-title=\" Pfalz\"\n    data-description=\" Pfalz\">\n\n<img decoding=\"async\" alt=\" Pfalz\"\n   src=\"https:\/\/www.ketschauer-hof.com\/wp-content\/uploads\/2023\/08\/Ketschauer-Hof_2723_Bassermann_Suite-768x512.jpg\"\n    data-image=\"https:\/\/www.ketschauer-hof.com\/wp-content\/uploads\/2023\/08\/Ketschauer-Hof_2723_Bassermann_Suite-1024x682.jpg\"\n    data-title=\" Pfalz\"\n    data-description=\" Pfalz\">\n\n<img decoding=\"async\" alt=\" Tagungsbereich mit Blick auf die private Au\u00dfenterrasse in der Bassermann Suite\"\n   src=\"https:\/\/www.ketschauer-hof.com\/wp-content\/uploads\/2023\/08\/Ketschauer-Hof_2707_Bassermann_Suite-768x512.jpg\"\n    data-image=\"https:\/\/www.ketschauer-hof.com\/wp-content\/uploads\/2023\/08\/Ketschauer-Hof_2707_Bassermann_Suite-1024x682.jpg\"\n    data-title=\" Tagungsbereich mit Blick auf die private Au\u00dfenterrasse in der Bassermann Suite\"\n    data-description=\" Tagungsbereich mit Blick auf die private Au\u00dfenterrasse in der Bassermann Suite\">\n\n<img decoding=\"async\" alt=\"Ausblick aus dem Fenster der Juniorsuite &quot;Himmelsgl\u00fcck&quot; auf die umgebenden Weinberge und den Pf\u00e4lzer Wald\"\n   src=\"https:\/\/www.ketschauer-hof.com\/wp-content\/uploads\/2023\/11\/hotel-ketschauer-hof-juniorsuite-7888-1-768x512.jpg\"\n    data-image=\"https:\/\/www.ketschauer-hof.com\/wp-content\/uploads\/2023\/11\/hotel-ketschauer-hof-juniorsuite-7888-1-1024x682.jpg\"\n    data-title=\"Ausblick aus dem Fenster der Juniorsuite &quot;Himmelsgl\u00fcck&quot; auf die umgebenden Weinberge und den Pf\u00e4lzer Wald\"\n    data-description=\"Ausblick aus dem Fenster der Juniorsuite &quot;Himmelsgl\u00fcck&quot; auf die umgebenden Weinberge und den Pf\u00e4lzer Wald\">\n\n<img decoding=\"async\" alt=\" Pfalz\"\n   src=\"https:\/\/www.ketschauer-hof.com\/wp-content\/uploads\/2023\/08\/hotel-ketschauer-hof-7903_Juniorsuite_34-768x487.jpg\"\n    data-image=\"https:\/\/www.ketschauer-hof.com\/wp-content\/uploads\/2023\/08\/hotel-ketschauer-hof-7903_Juniorsuite_34-1024x649.jpg\"\n    data-title=\" Pfalz\"\n    data-description=\" Pfalz\">\n\n<img decoding=\"async\" alt=\" Pfalz\"\n   src=\"https:\/\/www.ketschauer-hof.com\/wp-content\/uploads\/2023\/08\/hotel-ketschauer-hof-7916_Juniorsuite_34-768x521.jpg\"\n    data-image=\"https:\/\/www.ketschauer-hof.com\/wp-content\/uploads\/2023\/08\/hotel-ketschauer-hof-7916_Juniorsuite_34-1024x695.jpg\"\n    data-title=\" Pfalz\"\n    data-description=\" Pfalz\">\n\n<img decoding=\"async\" alt=\" Pfalz\"\n   src=\"https:\/\/www.ketschauer-hof.com\/wp-content\/uploads\/2023\/08\/hotel-ketschauer-hof-7917_Juniorsuite_34-768x484.jpg\"\n    data-image=\"https:\/\/www.ketschauer-hof.com\/wp-content\/uploads\/2023\/08\/hotel-ketschauer-hof-7917_Juniorsuite_34-1024x645.jpg\"\n    data-title=\" Pfalz\"\n    data-description=\" Pfalz\">\n\n<img decoding=\"async\" alt=\" Pfalz\"\n   src=\"https:\/\/www.ketschauer-hof.com\/wp-content\/uploads\/2023\/08\/hotel-ketschauer-hof-7920_Juniorsuite_34_Detail-768x512.jpg\"\n    data-image=\"https:\/\/www.ketschauer-hof.com\/wp-content\/uploads\/2023\/08\/hotel-ketschauer-hof-7920_Juniorsuite_34_Detail-1024x682.jpg\"\n    data-title=\" Pfalz\"\n    data-description=\" Pfalz\">\n\n<img decoding=\"async\" alt=\" Pfalz\"\n   src=\"https:\/\/www.ketschauer-hof.com\/wp-content\/uploads\/2023\/08\/hotel-ketschauer-hof-9775_Juniorsuite_34-768x512.jpg\"\n    data-image=\"https:\/\/www.ketschauer-hof.com\/wp-content\/uploads\/2023\/08\/hotel-ketschauer-hof-9775_Juniorsuite_34-1024x682.jpg\"\n    data-title=\" Pfalz\"\n    data-description=\" Pfalz\">\n\n<img decoding=\"async\" alt=\" Pfalz\"\n   src=\"https:\/\/www.ketschauer-hof.com\/wp-content\/uploads\/2023\/08\/hotel-ketschauer-hof-9791_Juniorsuite_34-768x546.jpg\"\n    data-image=\"https:\/\/www.ketschauer-hof.com\/wp-content\/uploads\/2023\/08\/hotel-ketschauer-hof-9791_Juniorsuite_34-1024x728.jpg\"\n    data-title=\" Pfalz\"\n    data-description=\" Pfalz\">\n\n<img decoding=\"async\" alt=\" Pfalz\"\n   src=\"https:\/\/www.ketschauer-hof.com\/wp-content\/uploads\/2023\/08\/hotel-ketschauer-hof-9823_Juniorsuite_34-768x512.jpg\"\n    data-image=\"https:\/\/www.ketschauer-hof.com\/wp-content\/uploads\/2023\/08\/hotel-ketschauer-hof-9823_Juniorsuite_34-1024x682.jpg\"\n    data-title=\" Pfalz\"\n    data-description=\" Pfalz\">\n\n<img decoding=\"async\" alt=\" Pfalz\"\n   src=\"https:\/\/www.ketschauer-hof.com\/wp-content\/uploads\/2023\/08\/hotel-ketschauer-hof-9893_Juniorsuite_23-768x512.jpg\"\n    data-image=\"https:\/\/www.ketschauer-hof.com\/wp-content\/uploads\/2023\/08\/hotel-ketschauer-hof-9893_Juniorsuite_23-1024x682.jpg\"\n    data-title=\" Pfalz\"\n    data-description=\" Pfalz\">\n\n<img decoding=\"async\" alt=\" Pfalz\"\n   src=\"https:\/\/www.ketschauer-hof.com\/wp-content\/uploads\/2023\/08\/hotel-ketschauer-hof-9898_Juniorsuite_23-768x512.jpg\"\n    data-image=\"https:\/\/www.ketschauer-hof.com\/wp-content\/uploads\/2023\/08\/hotel-ketschauer-hof-9898_Juniorsuite_23-1024x682.jpg\"\n    data-title=\" Pfalz\"\n    data-description=\" Pfalz\">\n\n<img decoding=\"async\" alt=\" Pfalz\"\n   src=\"https:\/\/www.ketschauer-hof.com\/wp-content\/uploads\/2023\/08\/hotel-ketschauer-hof-9904_3_Juniorsuite_23-768x512.jpg\"\n    data-image=\"https:\/\/www.ketschauer-hof.com\/wp-content\/uploads\/2023\/08\/hotel-ketschauer-hof-9904_3_Juniorsuite_23-1024x682.jpg\"\n    data-title=\" Pfalz\"\n    data-description=\" Pfalz\">\n\n<img decoding=\"async\" alt=\" Pfalz\"\n   src=\"https:\/\/www.ketschauer-hof.com\/wp-content\/uploads\/2023\/08\/hotel-ketschauer-hof-9928_Juniorsuite_23-768x512.jpg\"\n    data-image=\"https:\/\/www.ketschauer-hof.com\/wp-content\/uploads\/2023\/08\/hotel-ketschauer-hof-9928_Juniorsuite_23-1024x682.jpg\"\n    data-title=\" Pfalz\"\n    data-description=\" Pfalz\">\n\n<img decoding=\"async\" alt=\" Pfalz\"\n   src=\"https:\/\/www.ketschauer-hof.com\/wp-content\/uploads\/2024\/09\/hotel-ketschauer-hof-Juniorsuite_4315-768x512.jpg\"\n    data-image=\"https:\/\/www.ketschauer-hof.com\/wp-content\/uploads\/2024\/09\/hotel-ketschauer-hof-Juniorsuite_4315-1024x682.jpg\"\n    data-title=\" Pfalz\"\n    data-description=\" Pfalz\">\n\n<img decoding=\"async\" alt=\" Pfalz\"\n   src=\"https:\/\/www.ketschauer-hof.com\/wp-content\/uploads\/2024\/09\/hotel-ketschauer-hof-Juniorsuite_4308-768x512.jpg\"\n    data-image=\"https:\/\/www.ketschauer-hof.com\/wp-content\/uploads\/2024\/09\/hotel-ketschauer-hof-Juniorsuite_4308-1024x682.jpg\"\n    data-title=\" Pfalz\"\n    data-description=\" Pfalz\">\n\n<img decoding=\"async\" alt=\" Pfalz\"\n   src=\"https:\/\/www.ketschauer-hof.com\/wp-content\/uploads\/2023\/09\/hotel-ketschauer-hof-9864_deluxe-zimmer-gutshaus_22-768x512.jpg\"\n    data-image=\"https:\/\/www.ketschauer-hof.com\/wp-content\/uploads\/2023\/09\/hotel-ketschauer-hof-9864_deluxe-zimmer-gutshaus_22-1024x682.jpg\"\n    data-title=\" Pfalz\"\n    data-description=\" Pfalz\">\n\n<img decoding=\"async\" alt=\" Pfalz\"\n   src=\"https:\/\/www.ketschauer-hof.com\/wp-content\/uploads\/2023\/09\/hotel-ketschauer-hof-9874_deluxe-zimmer-gutshaus_22-768x512.jpg\"\n    data-image=\"https:\/\/www.ketschauer-hof.com\/wp-content\/uploads\/2023\/09\/hotel-ketschauer-hof-9874_deluxe-zimmer-gutshaus_22-1024x682.jpg\"\n    data-title=\" Pfalz\"\n    data-description=\" Pfalz\">\n\n<img decoding=\"async\" alt=\" Pfalz\"\n   src=\"https:\/\/www.ketschauer-hof.com\/wp-content\/uploads\/2023\/09\/hotel-ketschauer-hof-9887_deluxe-zimmer-gutshaus_22-768x512.jpg\"\n    data-image=\"https:\/\/www.ketschauer-hof.com\/wp-content\/uploads\/2023\/09\/hotel-ketschauer-hof-9887_deluxe-zimmer-gutshaus_22-1024x682.jpg\"\n    data-title=\" Pfalz\"\n    data-description=\" Pfalz\">\n\n<img decoding=\"async\" alt=\" Pfalz\"\n   src=\"https:\/\/www.ketschauer-hof.com\/wp-content\/uploads\/2023\/09\/hotel-ketschauer-hof-0150_deluxe-zimmer-heumarkt-44-768x512.jpg\"\n    data-image=\"https:\/\/www.ketschauer-hof.com\/wp-content\/uploads\/2023\/09\/hotel-ketschauer-hof-0150_deluxe-zimmer-heumarkt-44-1024x682.jpg\"\n    data-title=\" Pfalz\"\n    data-description=\" Pfalz\">\n\n<img decoding=\"async\" alt=\" Pfalz\"\n   src=\"https:\/\/www.ketschauer-hof.com\/wp-content\/uploads\/2023\/09\/hotel-ketschauer-hof-0142_deluxe-zimmer-heumarkt-44-768x512.jpg\"\n    data-image=\"https:\/\/www.ketschauer-hof.com\/wp-content\/uploads\/2023\/09\/hotel-ketschauer-hof-0142_deluxe-zimmer-heumarkt-44-1024x682.jpg\"\n    data-title=\" Pfalz\"\n    data-description=\" Pfalz\">\n\n<img decoding=\"async\" alt=\" Pfalz\"\n   src=\"https:\/\/www.ketschauer-hof.com\/wp-content\/uploads\/2023\/09\/hotel-ketschauer-hof-0100_standardzimmer-heumarkt-41_-768x512.jpg\"\n    data-image=\"https:\/\/www.ketschauer-hof.com\/wp-content\/uploads\/2023\/09\/hotel-ketschauer-hof-0100_standardzimmer-heumarkt-41_-1024x682.jpg\"\n    data-title=\" Pfalz\"\n    data-description=\" Pfalz\">\n\n<img decoding=\"async\" alt=\" Pfalz\"\n   src=\"https:\/\/www.ketschauer-hof.com\/wp-content\/uploads\/2023\/09\/hotel-ketschauer-hof-0114_standardzimmer-heumarkt-41-768x512.jpg\"\n    data-image=\"https:\/\/www.ketschauer-hof.com\/wp-content\/uploads\/2023\/09\/hotel-ketschauer-hof-0114_standardzimmer-heumarkt-41-1024x682.jpg\"\n    data-title=\" Pfalz\"\n    data-description=\" Pfalz\">\n\n<img decoding=\"async\" alt=\" Pfalz\"\n   src=\"https:\/\/www.ketschauer-hof.com\/wp-content\/uploads\/2023\/09\/hotel-ketschauer-hof-0122_standardzimmer-heumarkt-41-768x512.jpg\"\n    data-image=\"https:\/\/www.ketschauer-hof.com\/wp-content\/uploads\/2023\/09\/hotel-ketschauer-hof-0122_standardzimmer-heumarkt-41-1024x682.jpg\"\n    data-title=\" Pfalz\"\n    data-description=\" Pfalz\">\n\n<img decoding=\"async\" alt=\" Pfalz\"\n   src=\"https:\/\/www.ketschauer-hof.com\/wp-content\/uploads\/2023\/09\/hotel-ketschauer-hof-0130_standardzimmer-heumarkt-41-768x1152.jpg\"\n    data-image=\"https:\/\/www.ketschauer-hof.com\/wp-content\/uploads\/2023\/09\/hotel-ketschauer-hof-0130_standardzimmer-heumarkt-41-682x1024.jpg\"\n    data-title=\" Pfalz\"\n    data-description=\" Pfalz\">\n\n<img decoding=\"async\" alt=\" Pfalz\"\n   src=\"https:\/\/www.ketschauer-hof.com\/wp-content\/uploads\/2023\/09\/hotel-ketschauer-hof-0137_standardzimmer-heumarkt-41-768x512.jpg\"\n    data-image=\"https:\/\/www.ketschauer-hof.com\/wp-content\/uploads\/2023\/09\/hotel-ketschauer-hof-0137_standardzimmer-heumarkt-41-1024x682.jpg\"\n    data-title=\" Pfalz\"\n    data-description=\" Pfalz\">\n\n<img decoding=\"async\" alt=\" Pfalz\"\n   src=\"https:\/\/www.ketschauer-hof.com\/wp-content\/uploads\/2023\/09\/hotel-ketschauer-hof-0138_deluxe-zimmer-heumarkt-44-768x512.jpg\"\n    data-image=\"https:\/\/www.ketschauer-hof.com\/wp-content\/uploads\/2023\/09\/hotel-ketschauer-hof-0138_deluxe-zimmer-heumarkt-44-1024x682.jpg\"\n    data-title=\" Pfalz\"\n    data-description=\" Pfalz\">\n\n<img decoding=\"async\" alt=\" Pfalz\"\n   src=\"https:\/\/www.ketschauer-hof.com\/wp-content\/uploads\/2023\/12\/Ketschauer-Hof_2874_Standard_Doppelzimmer-768x512.jpg\"\n    data-image=\"https:\/\/www.ketschauer-hof.com\/wp-content\/uploads\/2023\/12\/Ketschauer-Hof_2874_Standard_Doppelzimmer-1024x682.jpg\"\n    data-title=\" Pfalz\"\n    data-description=\" Pfalz\">\n\n<img decoding=\"async\" alt=\" Pfalz\"\n   src=\"https:\/\/www.ketschauer-hof.com\/wp-content\/uploads\/2023\/12\/Ketschauer-Hof_2883_Standard_Doppelzimmer-768x512.jpg\"\n    data-image=\"https:\/\/www.ketschauer-hof.com\/wp-content\/uploads\/2023\/12\/Ketschauer-Hof_2883_Standard_Doppelzimmer-1024x682.jpg\"\n    data-title=\" Pfalz\"\n    data-description=\" Pfalz\">\n\n<img decoding=\"async\" alt=\" Pfalz\"\n   src=\"https:\/\/www.ketschauer-hof.com\/wp-content\/uploads\/2023\/08\/hotel-ketschauer-hof-galerie-05-768x480.jpg\"\n    data-image=\"https:\/\/www.ketschauer-hof.com\/wp-content\/uploads\/2023\/08\/hotel-ketschauer-hof-galerie-05-1024x640.jpg\"\n    data-title=\" Pfalz\"\n    data-description=\" Pfalz\">\n\n<img decoding=\"async\" alt=\" Pfalz. Im Hintergrund, zur\u00fcckgezogen, zwei Liegen, die f\u00fcr G\u00e4ste bereitstehen\"\n   src=\"https:\/\/www.ketschauer-hof.com\/wp-content\/uploads\/2023\/08\/hotel-ketschauer-hof-galerie-06-768x480.jpg\"\n    data-image=\"https:\/\/www.ketschauer-hof.com\/wp-content\/uploads\/2023\/08\/hotel-ketschauer-hof-galerie-06-1024x640.jpg\"\n    data-title=\" Pfalz. Im Hintergrund, zur\u00fcckgezogen, zwei Liegen, die f\u00fcr G\u00e4ste bereitstehen\"\n    data-description=\" Pfalz. Im Hintergrund, zur\u00fcckgezogen, zwei Liegen, die f\u00fcr G\u00e4ste bereitstehen\">\n\n<img decoding=\"async\" alt=\" Pfalz\"\n   src=\"https:\/\/www.ketschauer-hof.com\/wp-content\/uploads\/2023\/08\/restaurant-l-a-jordan-weinkarte-768x500.jpg\"\n    data-image=\"https:\/\/www.ketschauer-hof.com\/wp-content\/uploads\/2023\/08\/restaurant-l-a-jordan-weinkarte-1024x667.jpg\"\n    data-title=\" Pfalz\"\n    data-description=\" Pfalz\">\n\n<img decoding=\"async\" alt=\" Pfalz in romantischer Nachtstimmung\"\n   src=\"https:\/\/www.ketschauer-hof.com\/wp-content\/uploads\/2023\/08\/slide-ketschauer-hof-768x512.jpg\"\n    data-image=\"https:\/\/www.ketschauer-hof.com\/wp-content\/uploads\/2023\/08\/slide-ketschauer-hof-1024x683.jpg\"\n    data-title=\" Pfalz in romantischer Nachtstimmung\"\n    data-description=\" Pfalz in romantischer Nachtstimmung\">\n\n  \n<\/div>\n<!-- end Compact Gallery -->\t\t\t\t<\/div>\n\t\t\t\t<\/div>\n\t\t\t\t\t<\/div>\n\t\t\t\t<\/div>\n\t\t\t\t<\/div>\n\t\t","protected":false},"excerpt":{"rendered":"<p>Hotel Ketschauer Hof<\/p>\n","protected":false},"author":4,"featured_media":0,"parent":13695,"menu_order":60,"comment_status":"closed","ping_status":"closed","template":"","meta":{"_acf_changed":false,"footnotes":"","_links_to":"","_links_to_target":""},"class_list":["post-13935","page","type-page","status-publish","hentry"],"acf":[],"_links":{"self":[{"href":"https:\/\/www.ketschauer-hof.com\/en\/wp-json\/wp\/v2\/pages\/13935","targetHints":{"allow":["GET"]}}],"collection":[{"href":"https:\/\/www.ketschauer-hof.com\/en\/wp-json\/wp\/v2\/pages"}],"about":[{"href":"https:\/\/www.ketschauer-hof.com\/en\/wp-json\/wp\/v2\/types\/page"}],"author":[{"embeddable":true,"href":"https:\/\/www.ketschauer-hof.com\/en\/wp-json\/wp\/v2\/users\/4"}],"replies":[{"embeddable":true,"href":"https:\/\/www.ketschauer-hof.com\/en\/wp-json\/wp\/v2\/comments?post=13935"}],"version-history":[{"count":1,"href":"https:\/\/www.ketschauer-hof.com\/en\/wp-json\/wp\/v2\/pages\/13935\/revisions"}],"predecessor-version":[{"id":21287,"href":"https:\/\/www.ketschauer-hof.com\/en\/wp-json\/wp\/v2\/pages\/13935\/revisions\/21287"}],"up":[{"embeddable":true,"href":"https:\/\/www.ketschauer-hof.com\/en\/wp-json\/wp\/v2\/pages\/13695"}],"wp:attachment":[{"href":"https:\/\/www.ketschauer-hof.com\/en\/wp-json\/wp\/v2\/media?parent=13935"}],"curies":[{"name":"wp","href":"https:\/\/api.w.org\/{rel}","templated":true}]}}