{"id":14032,"date":"2023-07-06T12:31:11","date_gmt":"2023-07-06T10:31:11","guid":{"rendered":"https:\/\/www.ketschauer-hof.com\/culinary\/picture-gallery\/"},"modified":"2025-06-12T14:21:03","modified_gmt":"2025-06-12T12:21:03","slug":"culinary-picture-gallery","status":"publish","type":"page","link":"https:\/\/www.ketschauer-hof.com\/en\/culinary\/culinary-picture-gallery\/","title":{"rendered":"Gallery"},"content":{"rendered":"\t\t<div data-elementor-type=\"wp-page\" data-elementor-id=\"14032\" class=\"elementor elementor-14032 elementor-1374\" data-elementor-post-type=\"page\">\n\t\t\t\t<div class=\"elementor-element elementor-element-48ba7c7 e-flex e-con-boxed e-con e-parent\" data-id=\"48ba7c7\" data-element_type=\"container\" data-e-type=\"container\">\n\t\t\t\t\t<div class=\"e-con-inner\">\n\t\t<div class=\"elementor-element elementor-element-e22a380 e-con-full animated-slow e-flex elementor-invisible e-con e-child\" data-id=\"e22a380\" data-element_type=\"container\" data-e-type=\"container\" data-settings=\"{&quot;animation&quot;:&quot;fadeInUp&quot;}\">\n\t\t\t\t<div class=\"elementor-element elementor-element-7a0813a elementor-widget elementor-widget-shortcode\" data-id=\"7a0813a\" data-element_type=\"widget\" data-e-type=\"widget\" data-widget_type=\"shortcode.default\">\n\t\t\t\t\t\t\t<div class=\"elementor-shortcode\"><nav aria-label=\"breadcrumbs\" class=\"rank-math-breadcrumb\"><p><span class=\"last\">Home<\/span><\/p><\/nav><\/div>\n\t\t\t\t\t\t<\/div>\n\t\t\t\t<\/div>\n\t\t\t\t\t<\/div>\n\t\t\t\t<\/div>\n\t\t<div class=\"elementor-element elementor-element-667327b animated-slow e-flex e-con-boxed elementor-invisible e-con e-parent\" data-id=\"667327b\" data-element_type=\"container\" data-e-type=\"container\" data-settings=\"{&quot;animation&quot;:&quot;fadeInUp&quot;}\">\n\t\t\t\t\t<div class=\"e-con-inner\">\n\t\t\t\t<div class=\"elementor-element elementor-element-3f4d66c elementor-widget elementor-widget-heading\" data-id=\"3f4d66c\" data-element_type=\"widget\" data-e-type=\"widget\" data-widget_type=\"heading.default\">\n\t\t\t\t\t<h2 class=\"elementor-heading-title elementor-size-medium\">Culinary delights<\/h2>\t\t\t\t<\/div>\n\t\t\t\t<div class=\"elementor-element elementor-element-0f3020a elementor-widget-divider--view-line elementor-widget elementor-widget-global elementor-global-12974 elementor-global-883 elementor-widget-divider\" data-id=\"0f3020a\" data-element_type=\"widget\" data-e-type=\"widget\" data-widget_type=\"divider.default\">\n\t\t\t\t\t\t\t<div class=\"elementor-divider\">\n\t\t\t<span class=\"elementor-divider-separator\">\n\t\t\t\t\t\t<\/span>\n\t\t<\/div>\n\t\t\t\t\t\t<\/div>\n\t\t\t\t\t<\/div>\n\t\t\t\t<\/div>\n\t\t<div class=\"elementor-element elementor-element-977837b animated-slow e-flex e-con-boxed elementor-invisible e-con e-parent\" data-id=\"977837b\" data-element_type=\"container\" data-e-type=\"container\" data-settings=\"{&quot;animation&quot;:&quot;fadeInUp&quot;}\">\n\t\t\t\t\t<div class=\"e-con-inner\">\n\t\t\t\t<div class=\"elementor-element elementor-element-191f939 elementor-widget elementor-widget-ucaddon_uc_compact_image_theme\" data-id=\"191f939\" data-element_type=\"widget\" data-e-type=\"widget\" data-widget_type=\"ucaddon_uc_compact_image_theme.default\">\n\t\t\t\t<div class=\"elementor-widget-container\">\n\t\t\t\t\t\n<!-- start Compact Gallery -->\n\t\t<link id='unitegallery-css' href='https:\/\/www.ketschauer-hof.com\/wp-content\/plugins\/unlimited-elements-for-elementor\/assets_libraries\/unitegallery\/css\/unite-gallery.css' type='text\/css' rel='stylesheet' >\n\n\n<div id=\"uc_uc_compact_image_theme_elementor_191f939\" class=\"uc-items-wrapper  \" style=\"display:none; margin:0 auto;\"  data-remote-type=\"gallery\" data-custom-sethtml=\"true\" >\n\n\n<img decoding=\"async\" alt=\"\"\n   src=\"https:\/\/www.ketschauer-hof.com\/wp-content\/uploads\/2023\/09\/restaurant-l-a-jordan-raeumlichkeiten-03-768x512.jpg\"\n    data-image=\"https:\/\/www.ketschauer-hof.com\/wp-content\/uploads\/2023\/09\/restaurant-l-a-jordan-raeumlichkeiten-03-1024x682.jpg\"\n    data-description=\"Raum &quot;Wintergarten &quot; im 2-Sterne-Gourmetrestaurants L. A. Jordan in Deidesheim\/ Pfalz. Vier Tische sind puristisch-stilvoll eingedeckt. Eine Wand besteht komplett aus Glas und die zur\u00fcckgezogenen Transparentgardinen geben den Blick auf den mediterran angelegten Innenhof frei. Pr\u00e4gnantes Schmuckelement des Raumes ist die kunstvoll arrangierte Designerwand. Verschiedene Elemente zitieren unsere drei Schwesterweing\u00fcter oder das Thema &quot;Kulinarik&quot; mit Abbildungen vom Koi, von der Gans oder vom Hummer. Die verwendeten Oberfl\u00e4chen sind variantenreich: Holz, Moos, Kn\u00fcpfteppich, 3-D-Tapete...\">\n\n<img decoding=\"async\" alt=\"\"\n   src=\"https:\/\/www.ketschauer-hof.com\/wp-content\/uploads\/2023\/09\/restaurant-l-a-jordan-raeumlichkeiten-04-768x512.jpg\"\n    data-image=\"https:\/\/www.ketschauer-hof.com\/wp-content\/uploads\/2023\/09\/restaurant-l-a-jordan-raeumlichkeiten-04-1024x682.jpg\"\n    data-description=\"Raum &quot;Wintergarten &quot; im 2-Sterne-Gourmetrestaurants L. A. Jordan in Deidesheim\/ Pfalz. Zu sehen ist ein puristisch-stilvoll eingedeckter Tisch.\">\n\n<img decoding=\"async\" alt=\"\"\n   src=\"https:\/\/www.ketschauer-hof.com\/wp-content\/plugins\/unlimited-elements-for-elementor\/images\/placeholder.png\"\n    data-image=\"https:\/\/www.ketschauer-hof.com\/wp-content\/plugins\/unlimited-elements-for-elementor\/images\/placeholder.png\">\n\n<img decoding=\"async\" alt=\"\"\n   src=\"https:\/\/www.ketschauer-hof.com\/wp-content\/uploads\/2023\/10\/restaurant-l-a-jordan-raeumlichkeiten-10-768x512.jpg\"\n    data-image=\"https:\/\/www.ketschauer-hof.com\/wp-content\/uploads\/2023\/10\/restaurant-l-a-jordan-raeumlichkeiten-10-1024x682.jpg\"\n    data-description=\"R\u00e4umlichkeit &quot;klassisches Restaurant&quot;, im 2-Sterne-Gourmetrestaurants, beheimatet im Anwesen des Genussresorts Ketschauer Hof in Deidesheim\/ Pfalz. Die runden Tische, je f\u00fcr 2 bis 4 Personen, sind mit wei\u00df-edlen Tischdecken eingedeckt. Der Raum wird von sechs historischen Sandsteins\u00e4ulen gemittelt. Im Hintergrund die Fensterfront, die den Blick auf den malerischen Innenhof freigibt.\">\n\n<img decoding=\"async\" alt=\"\"\n   src=\"https:\/\/www.ketschauer-hof.com\/wp-content\/uploads\/2024\/03\/lounge-l-a-jordan-20240216_Z7_4361-quer-768x512.jpg\"\n    data-image=\"https:\/\/www.ketschauer-hof.com\/wp-content\/uploads\/2024\/03\/lounge-l-a-jordan-20240216_Z7_4361-quer-1024x683.jpg\"\n    data-description=\"Detaiaufnahme des Schimkow.TISCH, das ist eine lange schwarz gefl\u00e4mmte Tafel in der L.A. Jordan Lounge, an der Genussmenschen zusammen kommen und Wein und Kulinarik genie\u00dfen. Im Hintergrund des neonfarbene Graffiti mit den Letten &quot;L. A. Jordan&quot;.\">\n\n<img decoding=\"async\" alt=\"\"\n   src=\"https:\/\/www.ketschauer-hof.com\/wp-content\/uploads\/2024\/09\/restaurant-l-a-jordan-Terrasse-01-768x512.jpg\"\n    data-image=\"https:\/\/www.ketschauer-hof.com\/wp-content\/uploads\/2024\/09\/restaurant-l-a-jordan-Terrasse-01-1024x683.jpg\"\n    data-description=\"Sommer-Terrasse des 2-Sterne-Gourmetrestaurants L.A. Jordan. Das Restaurant ist im Anwesen des Genussresorts Ketschauer Hof beheimatet, in Deidesheim\/ Pfalz.\">\n\n<img decoding=\"async\" alt=\"\"\n   src=\"https:\/\/www.ketschauer-hof.com\/wp-content\/uploads\/2023\/10\/restaurant-l-a-jordan-Terrasse_0066_k-768x513.jpg\"\n    data-image=\"https:\/\/www.ketschauer-hof.com\/wp-content\/uploads\/2023\/10\/restaurant-l-a-jordan-Terrasse_0066_k-1024x684.jpg\"\n    data-description=\"Sommer-Terrasse des 2-Sterne-Gourmetrestaurants L.A. Jordan bei Abendd\u00e4mmerung. Das Restaurant ist im Anwesen des Genussresorts Ketschauer Hof beheimatet, in Deidesheim\/ Pfalz.\">\n\n<img decoding=\"async\" alt=\"\"\n   src=\"https:\/\/www.ketschauer-hof.com\/wp-content\/plugins\/unlimited-elements-for-elementor\/images\/placeholder.png\"\n    data-image=\"https:\/\/www.ketschauer-hof.com\/wp-content\/plugins\/unlimited-elements-for-elementor\/images\/placeholder.png\">\n\n<img decoding=\"async\" alt=\"\"\n   src=\"https:\/\/www.ketschauer-hof.com\/wp-content\/uploads\/2023\/09\/restaurant-l-a-jordan-food-013-768x512.jpg\"\n    data-image=\"https:\/\/www.ketschauer-hof.com\/wp-content\/uploads\/2023\/09\/restaurant-l-a-jordan-food-013-1024x682.jpg\"\n    data-description=\"Foodfotografie, aufgenommen im 2-Sterne-Restaurant L. A. Jordan in Deidesheim\/ Pfalz: Seeforelle von Niki Birnbaum 10 Tage dry aged, japanische Aubergine, Tofu, Ponzu\">\n\n<img decoding=\"async\" alt=\"\"\n   src=\"https:\/\/www.ketschauer-hof.com\/wp-content\/uploads\/2023\/09\/restaurant-l-a-jordan-food-017-768x512.jpg\"\n    data-image=\"https:\/\/www.ketschauer-hof.com\/wp-content\/uploads\/2023\/09\/restaurant-l-a-jordan-food-017-1024x682.jpg\"\n    data-description=\"Foodfotografie, aufgenommen im 2-Sterne-Restaurant L. A. Jordan in Deidesheim\/ Pfalz: Gr\u00fcner Spargel aus der Provence, Miso, schwarze Olive und Lardo\">\n\n<img decoding=\"async\" alt=\"\"\n   src=\"https:\/\/www.ketschauer-hof.com\/wp-content\/uploads\/2023\/09\/restaurant-l-a-jordan-food-bg-006-768x512.jpg\"\n    data-image=\"https:\/\/www.ketschauer-hof.com\/wp-content\/uploads\/2023\/09\/restaurant-l-a-jordan-food-bg-006-1024x682.jpg\"\n    data-description=\"Foodfotografie, aufgenommen im 2-Sterne-Restaurant L. A. Jordan in Deidesheim\/ Pfalz: Langoustine aus Norwegen, gelbe Bete und Sakazu\">\n\n<img decoding=\"async\" alt=\"\"\n   src=\"https:\/\/www.ketschauer-hof.com\/wp-content\/uploads\/2023\/12\/Ketschauer-Hof_3078_Restaurant-1718_Kaminzimmer-768x512.jpg\"\n    data-image=\"https:\/\/www.ketschauer-hof.com\/wp-content\/uploads\/2023\/12\/Ketschauer-Hof_3078_Restaurant-1718_Kaminzimmer-1024x682.jpg\"\n    data-description=\"Kaminzimmer im Restaurant 1718, in Genussresort Ketschauer Hof in Deidesheim\/ Pfalz. Hochwertige Tapete im Hintergrund zeichnet ein B\u00fccherregal mit Deko an. Gedruckte Tapete und echtes Mobiliar vermischt sich: auf den aufgedruckten Regalb\u00f6den wurden drei echte gold-verschn\u00f6rkelten Spiegel angebracht. Leuchter an der Decke und an den W\u00e4nden mit barock-moderner Anmutung erhellen den Raum in den Abendstunden. Rechts der historische und gut erhaltene Kamin, der dieser R\u00e4umlichkeit ihren Namen gibt. Die Tische sind einladend eingedeckt.\">\n\n<img decoding=\"async\" alt=\"\"\n   src=\"https:\/\/www.ketschauer-hof.com\/wp-content\/uploads\/2023\/12\/Ketschauer-Hof_3128_Restaurant-1718_Brunnenzimmer-768x512.jpg\"\n    data-image=\"https:\/\/www.ketschauer-hof.com\/wp-content\/uploads\/2023\/12\/Ketschauer-Hof_3128_Restaurant-1718_Brunnenzimmer-1024x682.jpg\"\n    data-description=\"Brunnenzimmer im Restaurant 1718, in Genussresort Ketschauer Hof in Deidesheim\/ Pfalz. Hochwertige Tapete zeichnet einen barocken Treppenaufgang und S\u00e4ulen an. Dazwischen an den W\u00e4nden echte Gem\u00e4lde in gold-verschn\u00f6rkelten Rahmen. Leuchter an der Decke und an den W\u00e4nden mit barock-moderner Anmutung erhellen den Raum in den Abendstunden. Die Tische sind einladend eingedeckt.\">\n\n<img decoding=\"async\" alt=\"\"\n   src=\"https:\/\/www.ketschauer-hof.com\/wp-content\/uploads\/2023\/09\/restaurant-1718-Terrasse-02-768x512.jpg\"\n    data-image=\"https:\/\/www.ketschauer-hof.com\/wp-content\/uploads\/2023\/09\/restaurant-1718-Terrasse-02-1024x682.jpg\"\n    data-description=\"Sommer-Terrasse des Restaurants 1718, beheimatet im Anwesen des Genussresorts Ketschauer Hof in Deidesheim\/ Pfalz. Im schattigen Gr\u00fcn der Korkeichen l\u00e4sst sich die Aussicht auf den Park genie\u00dfen.\">\n\n<img decoding=\"async\" alt=\"\"\n   src=\"https:\/\/www.ketschauer-hof.com\/wp-content\/uploads\/2023\/09\/restaurant-1718-Balkon-02-768x512.jpg\"\n    data-image=\"https:\/\/www.ketschauer-hof.com\/wp-content\/uploads\/2023\/09\/restaurant-1718-Balkon-02-1024x682.jpg\"\n    data-description=\"Charmanter Sommer-Balkon des Restaurants 1718, beheimatet im Anwesen des Genussresorts Ketschauer Hof in Deidesheim\/ Pfalz. Erh\u00f6ht und gef\u00fchlt beh\u00fctet l\u00e4sst sich hier die Aussicht auf den Park genie\u00dfen.\">\n\n<img decoding=\"async\" alt=\"\"\n   src=\"https:\/\/www.ketschauer-hof.com\/wp-content\/uploads\/2023\/09\/restaurant-1718-Balkon_Detail-768x512.jpg\"\n    data-image=\"https:\/\/www.ketschauer-hof.com\/wp-content\/uploads\/2023\/09\/restaurant-1718-Balkon_Detail-1024x682.jpg\"\n    data-description=\"Detailfoto: Je eine Weinflasche von jedem unserer Schwesterweing\u00fcter liegen in einer mit Eis gek\u00fchlten Punchbowl. Sie steht auf einem Sideboard auf dem charmanten Sommer-Balkon des Restaurants 1718, beheimatet im Anwesen des Genussresorts Ketschauer Hof in Deidesheim\/ Pfalz. Im Hintergrund das satte Gr\u00fcn des Parks.\">\n\n<img decoding=\"async\" alt=\"\"\n   src=\"https:\/\/www.ketschauer-hof.com\/wp-content\/uploads\/2023\/12\/Ketschauer-Hof_3089_Restaurant-1718_Food-768x512.jpg\"\n    data-image=\"https:\/\/www.ketschauer-hof.com\/wp-content\/uploads\/2023\/12\/Ketschauer-Hof_3089_Restaurant-1718_Food-1024x682.jpg\"\n    data-description=\"Fischgericht im Restaurant 1718, ans\u00e4ssig im Genussresort Ketschauer Hof\">\n\n<img decoding=\"async\" alt=\"\"\n   src=\"https:\/\/www.ketschauer-hof.com\/wp-content\/uploads\/2023\/12\/Ketschauer-Hof_3044_Restaurant-1718_Food-768x512.jpg\"\n    data-image=\"https:\/\/www.ketschauer-hof.com\/wp-content\/uploads\/2023\/12\/Ketschauer-Hof_3044_Restaurant-1718_Food-1024x682.jpg\"\n    data-description=\"Fleischgericht im Restaurant 1718, ans\u00e4ssig im Genussresort Ketschauer Hof\">\n\n<img decoding=\"async\" alt=\"\"\n   src=\"https:\/\/www.ketschauer-hof.com\/wp-content\/uploads\/2023\/12\/Ketschauer-Hof_3117_Restaurant-1718_Food-768x512.jpg\"\n    data-image=\"https:\/\/www.ketschauer-hof.com\/wp-content\/uploads\/2023\/12\/Ketschauer-Hof_3117_Restaurant-1718_Food-1024x682.jpg\"\n    data-description=\"Dessert mit Himbeeren und Eis im Restaurant 1718, ans\u00e4ssig im Genussresort Ketschauer Hof\">\n\n  \n<\/div>\n<!-- end Compact Gallery -->\t\t\t\t<\/div>\n\t\t\t\t<\/div>\n\t\t\t\t\t<\/div>\n\t\t\t\t<\/div>\n\t\t\t\t<\/div>\n\t\t","protected":false},"excerpt":{"rendered":"<p>Culinary delights<\/p>\n","protected":false},"author":4,"featured_media":0,"parent":14007,"menu_order":60,"comment_status":"closed","ping_status":"closed","template":"","meta":{"_acf_changed":false,"footnotes":"","_links_to":"","_links_to_target":""},"class_list":["post-14032","page","type-page","status-publish","hentry"],"acf":[],"_links":{"self":[{"href":"https:\/\/www.ketschauer-hof.com\/en\/wp-json\/wp\/v2\/pages\/14032","targetHints":{"allow":["GET"]}}],"collection":[{"href":"https:\/\/www.ketschauer-hof.com\/en\/wp-json\/wp\/v2\/pages"}],"about":[{"href":"https:\/\/www.ketschauer-hof.com\/en\/wp-json\/wp\/v2\/types\/page"}],"author":[{"embeddable":true,"href":"https:\/\/www.ketschauer-hof.com\/en\/wp-json\/wp\/v2\/users\/4"}],"replies":[{"embeddable":true,"href":"https:\/\/www.ketschauer-hof.com\/en\/wp-json\/wp\/v2\/comments?post=14032"}],"version-history":[{"count":0,"href":"https:\/\/www.ketschauer-hof.com\/en\/wp-json\/wp\/v2\/pages\/14032\/revisions"}],"up":[{"embeddable":true,"href":"https:\/\/www.ketschauer-hof.com\/en\/wp-json\/wp\/v2\/pages\/14007"}],"wp:attachment":[{"href":"https:\/\/www.ketschauer-hof.com\/en\/wp-json\/wp\/v2\/media?parent=14032"}],"curies":[{"name":"wp","href":"https:\/\/api.w.org\/{rel}","templated":true}]}}