{"id":14046,"date":"2023-07-06T13:35:42","date_gmt":"2023-07-06T11:35:42","guid":{"rendered":"https:\/\/www.ketschauer-hof.com\/conference-celebration-events\/your-celebration\/anniversary-more\/"},"modified":"2024-03-27T14:30:05","modified_gmt":"2024-03-27T13:30:05","slug":"anniversary-more","status":"publish","type":"page","link":"https:\/\/www.ketschauer-hof.com\/en\/conference-celebration-events\/your-celebration\/anniversary-more\/","title":{"rendered":"Anniversary &amp; more\u2026"},"content":{"rendered":"\t\t<div data-elementor-type=\"wp-page\" data-elementor-id=\"14046\" class=\"elementor elementor-14046 elementor-1457\" data-elementor-post-type=\"page\">\n\t\t\t\t<div class=\"elementor-element elementor-element-7c44d3f5 e-flex e-con-boxed e-con e-parent\" data-id=\"7c44d3f5\" data-element_type=\"container\" data-e-type=\"container\">\n\t\t\t\t\t<div class=\"e-con-inner\">\n\t\t<div class=\"elementor-element elementor-element-35544360 e-con-full animated-slow e-flex elementor-invisible e-con e-child\" data-id=\"35544360\" data-element_type=\"container\" data-e-type=\"container\" data-settings=\"{&quot;animation&quot;:&quot;fadeInUp&quot;}\">\n\t\t\t\t<div class=\"elementor-element elementor-element-17a4b2e9 elementor-widget elementor-widget-shortcode\" data-id=\"17a4b2e9\" data-element_type=\"widget\" data-e-type=\"widget\" data-widget_type=\"shortcode.default\">\n\t\t\t\t\t\t\t<div class=\"elementor-shortcode\"><nav aria-label=\"breadcrumbs\" class=\"rank-math-breadcrumb\"><p><span class=\"last\">Home<\/span><\/p><\/nav><\/div>\n\t\t\t\t\t\t<\/div>\n\t\t\t\t<\/div>\n\t\t\t\t\t<\/div>\n\t\t\t\t<\/div>\n\t\t<div class=\"elementor-element elementor-element-51d62cc4 animated-slow e-flex e-con-boxed elementor-invisible e-con e-parent\" data-id=\"51d62cc4\" data-element_type=\"container\" data-e-type=\"container\" data-settings=\"{&quot;animation&quot;:&quot;fadeInUp&quot;}\">\n\t\t\t\t\t<div class=\"e-con-inner\">\n\t\t\t\t<div class=\"elementor-element elementor-element-30eec9cb elementor-widget elementor-widget-heading\" data-id=\"30eec9cb\" data-element_type=\"widget\" data-e-type=\"widget\" data-widget_type=\"heading.default\">\n\t\t\t\t\t<h2 class=\"elementor-heading-title elementor-size-medium\">Your celebration<\/h2>\t\t\t\t<\/div>\n\t\t\t\t<div class=\"elementor-element elementor-element-2256487c elementor-widget-divider--view-line elementor-widget elementor-widget-global elementor-global-12974 elementor-global-883 elementor-widget-divider\" data-id=\"2256487c\" data-element_type=\"widget\" data-e-type=\"widget\" data-widget_type=\"divider.default\">\n\t\t\t\t\t\t\t<div class=\"elementor-divider\">\n\t\t\t<span class=\"elementor-divider-separator\">\n\t\t\t\t\t\t<\/span>\n\t\t<\/div>\n\t\t\t\t\t\t<\/div>\n\t\t\t\t<div class=\"elementor-element elementor-element-505b6b23 elementor-widget elementor-widget-heading\" data-id=\"505b6b23\" data-element_type=\"widget\" data-e-type=\"widget\" data-widget_type=\"heading.default\">\n\t\t\t\t\t<h1 class=\"elementor-heading-title elementor-size-default\">Baptism, Birthday &amp; celebrations\n<\/h1>\t\t\t\t<\/div>\n\t\t\t\t\t<\/div>\n\t\t\t\t<\/div>\n\t\t<div class=\"elementor-element elementor-element-2ba4c1bf bg-gradient-gold60-white40 e-flex e-con-boxed e-con e-parent\" data-id=\"2ba4c1bf\" data-element_type=\"container\" data-e-type=\"container\">\n\t\t\t\t\t<div class=\"e-con-inner\">\n\t\t<div class=\"elementor-element elementor-element-f10f36e e-con-full animated-slow e-flex elementor-invisible e-con e-child\" data-id=\"f10f36e\" data-element_type=\"container\" data-e-type=\"container\" data-settings=\"{&quot;animation&quot;:&quot;fadeInUp&quot;}\">\n\t\t\t\t<div class=\"elementor-element elementor-element-6375a1c3 elementor-widget__width-initial elementor-widget elementor-widget-text-editor\" data-id=\"6375a1c3\" data-element_type=\"widget\" data-e-type=\"widget\" data-widget_type=\"text-editor.default\">\n\t\t\t\t\t\t\t\t\t<p><b>We turn every occasion into a celebration!<\/b><\/p>\n<p>Our <strong>wine press house<\/strong> offers space for up to 110 people and can be variably designed and individually decorated. Here you can, for example hang personal pictures on the walls.  <br \/>What is possible, we make possible!<\/p>\n<p>In the <strong>historic barrel cellar &#8220;Cave 1822&#8221;<\/strong>, time seems to have stopped in a unique ambience.<br \/>A wonderful backdrop for a champagne reception&#8230;<\/p>\n\t\t\t\t\t\t\t\t<\/div>\n\t\t\t\t<div class=\"elementor-element elementor-element-f0d47f6 elementor-align-center elementor-widget elementor-widget-button\" data-id=\"f0d47f6\" data-element_type=\"widget\" data-e-type=\"widget\" data-widget_type=\"button.default\">\n\t\t\t\t\t\t\t\t\t\t<a class=\"elementor-button elementor-button-link elementor-size-md\" href=\"https:\/\/www.ketschauer-hof.com\/en\/conference-celebration-events\/rooms\/\">\n\t\t\t\t\t\t<span class=\"elementor-button-content-wrapper\">\n\t\t\t\t\t\t\t\t\t<span class=\"elementor-button-text\">to our premises<\/span>\n\t\t\t\t\t<\/span>\n\t\t\t\t\t<\/a>\n\t\t\t\t\t\t\t\t<\/div>\n\t\t\t\t<\/div>\n\t\t<div class=\"elementor-element elementor-element-035b8ce e-con-full animated-slow e-flex elementor-invisible e-con e-child\" data-id=\"035b8ce\" data-element_type=\"container\" data-e-type=\"container\" data-settings=\"{&quot;animation&quot;:&quot;fadeInUp&quot;}\">\n\t\t\t\t<div class=\"elementor-element elementor-element-4d56476 elementor--h-position-left elementor--v-position-bottom img-slide-with-caption elementor-widget elementor-widget-slides\" data-id=\"4d56476\" data-element_type=\"widget\" data-e-type=\"widget\" data-settings=\"{&quot;navigation&quot;:&quot;none&quot;,&quot;autoplay&quot;:&quot;yes&quot;,&quot;pause_on_hover&quot;:&quot;yes&quot;,&quot;pause_on_interaction&quot;:&quot;yes&quot;,&quot;autoplay_speed&quot;:5000,&quot;infinite&quot;:&quot;yes&quot;,&quot;transition&quot;:&quot;slide&quot;,&quot;transition_speed&quot;:500}\" data-widget_type=\"slides.default\">\n\t\t\t\t\t\t\t\t\t\t<div class=\"elementor-slides-wrapper elementor-main-swiper swiper\" role=\"region\" aria-roledescription=\"carousel\" aria-label=\"Slides\" dir=\"ltr\" data-animation=\"fadeInUp\">\n\t\t\t\t<div class=\"swiper-wrapper elementor-slides\">\n\t\t\t\t\t\t\t\t\t\t<div class=\"elementor-repeater-item-58a2e9a swiper-slide\" role=\"group\" aria-roledescription=\"slide\"><div class=\"swiper-slide-bg\" role=\"img\" aria-label=\"Festlich eingedeckte Tafel im Restaurant 1718, ans\u00e4ssig im Genussresort Ketschauer Hof in Deidesheim\/ Pfalz.\"><\/div><div class=\"swiper-slide-inner\" ><div class=\"swiper-slide-contents\"><\/div><\/div><\/div><div class=\"elementor-repeater-item-30b7a57 swiper-slide\" role=\"group\" aria-roledescription=\"slide\"><div class=\"swiper-slide-bg\" role=\"img\" aria-label=\"Festlich eingedeckte Tafel im Restaurant 1718, ans\u00e4ssig im Genussresort Ketschauer Hof in Deidesheim\/ Pfalz.\"><\/div><div class=\"swiper-slide-inner\" ><div class=\"swiper-slide-contents\"><\/div><\/div><\/div><div class=\"elementor-repeater-item-49e077c swiper-slide\" role=\"group\" aria-roledescription=\"slide\"><div class=\"swiper-slide-bg\" role=\"img\" aria-label=\"Mood photo shows a lot of rose-colored balloons on the ceiling of the Kelterhaus ballroom at the Ketschauer Hof gourmet resort in Deidesheim\/Pfalz\"><\/div><div class=\"swiper-slide-inner\" ><div class=\"swiper-slide-contents\"><\/div><\/div><\/div><div class=\"elementor-repeater-item-55f5b9e swiper-slide\" role=\"group\" aria-roledescription=\"slide\"><div class=\"swiper-slide-bg\" role=\"img\" aria-label=\"Festlich eingedeckter Festsaal &quot;Kelterhaus&quot; anl\u00e4sslich einer Hochzeit im Genussresort Ketschauer Hof in Deidesheim\/ Pfalz. Diese R\u00e4umlichkeit bietet f\u00fcr rauschende Hochzeitsfeiern grenzenlose M\u00f6glichkeiten zur variablen Raumgestaltung und individuellen Dekoration auf einer Fl\u00e4che von 200 m\u00b2. Bis zu 110 Personen k\u00f6nnen hier ausgiebig feiern. Das Kelterhaus ist farblich neutral und clean in den Farben Wei\u00df und Hellgrau gehalten. F\u00fcr die Hochzeitsgesellschaft werden runde f\u00fcr je 8 Personen in Wei\u00df eingedeckt. Edel jedoch dezent, damit die individuelle Dekoration wirken kann.\"><\/div><div class=\"swiper-slide-inner\" ><div class=\"swiper-slide-contents\"><\/div><\/div><\/div><div class=\"elementor-repeater-item-8ea35d9 swiper-slide\" role=\"group\" aria-roledescription=\"slide\"><div class=\"swiper-slide-bg\" role=\"img\" aria-label=\"Detailfoto von oben eines festlich eingedeckten Tischs im Festsaals &quot;Kelterhaus&quot; anl\u00e4sslich einer Hochzeit im Genussresort Ketschauer Hof in Deidesheim\/ Pfalz. Nahaufnahme eines opulent geschm\u00fcckten Tischs. In der Mitte eine Blumenvase mit ros\u00e9bl\u00fchenden Fr\u00fchlingszweigen.\"><\/div><div class=\"swiper-slide-inner\" ><div class=\"swiper-slide-contents\"><\/div><\/div><\/div><div class=\"elementor-repeater-item-58085c7 swiper-slide\" role=\"group\" aria-roledescription=\"slide\"><div class=\"swiper-slide-bg\" role=\"img\" aria-label=\"Detailfoto des festlich eingedeckten Festsaals &quot;Kelterhaus&quot; anl\u00e4sslich einer Hochzeit im Genussresort Ketschauer Hof in Deidesheim\/ Pfalz. Nahaufnahme eines opulent geschm\u00fcckten Tischs. In der Mitte eine Blumenvase mit ros\u00e9bl\u00fchenden Fr\u00fchlingszweigen.\"><\/div><div class=\"swiper-slide-inner\" ><div class=\"swiper-slide-contents\"><\/div><\/div><\/div>\t\t\t\t<\/div>\n\t\t\t\t\t\t\t\t\t\t\t\t\t\t\t\t\t\t\t\t\t<\/div>\n\t\t\t\t\t\t\t\t<\/div>\n\t\t\t\t<\/div>\n\t\t\t\t\t<\/div>\n\t\t\t\t<\/div>\n\t\t<div class=\"elementor-element elementor-element-76e33e58 bg-gradient-white40-gold60 e-flex e-con-boxed e-con e-parent\" data-id=\"76e33e58\" data-element_type=\"container\" data-e-type=\"container\">\n\t\t\t\t\t<div class=\"e-con-inner\">\n\t\t<div class=\"elementor-element elementor-element-11ca3487 e-con-full animated-slow e-flex elementor-invisible e-con e-child\" data-id=\"11ca3487\" data-element_type=\"container\" data-e-type=\"container\" data-settings=\"{&quot;animation&quot;:&quot;fadeInUp&quot;}\">\n\t\t\t\t<div class=\"elementor-element elementor-element-920f8ba overflow-hidden elementor-widget elementor-widget-image\" data-id=\"920f8ba\" data-element_type=\"widget\" data-e-type=\"widget\" data-widget_type=\"image.default\">\n\t\t\t\t\t\t\t\t\t\t\t\t\t\t\t<img fetchpriority=\"high\" decoding=\"async\" width=\"2000\" height=\"1500\" src=\"https:\/\/www.ketschauer-hof.com\/wp-content\/uploads\/2023\/10\/ketschauer-hof-team-event-kennenlernen.jpg\" class=\"elementor-animation-grow attachment-full size-full wp-image-12784\" alt=\"Ketschauer Hof Team Event\" srcset=\"https:\/\/www.ketschauer-hof.com\/wp-content\/uploads\/2023\/10\/ketschauer-hof-team-event-kennenlernen.jpg 2000w, https:\/\/www.ketschauer-hof.com\/wp-content\/uploads\/2023\/10\/ketschauer-hof-team-event-kennenlernen-300x225.jpg 300w, https:\/\/www.ketschauer-hof.com\/wp-content\/uploads\/2023\/10\/ketschauer-hof-team-event-kennenlernen-1024x768.jpg 1024w, https:\/\/www.ketschauer-hof.com\/wp-content\/uploads\/2023\/10\/ketschauer-hof-team-event-kennenlernen-768x576.jpg 768w, https:\/\/www.ketschauer-hof.com\/wp-content\/uploads\/2023\/10\/ketschauer-hof-team-event-kennenlernen-1536x1152.jpg 1536w\" sizes=\"(max-width: 2000px) 100vw, 2000px\" \/>\t\t\t\t\t\t\t\t\t\t\t\t\t\t\t<\/div>\n\t\t\t\t<\/div>\n\t\t<div class=\"elementor-element elementor-element-42227c42 e-con-full animated-slow e-flex elementor-invisible e-con e-child\" data-id=\"42227c42\" data-element_type=\"container\" data-e-type=\"container\" data-settings=\"{&quot;animation&quot;:&quot;fadeInUp&quot;}\">\n\t\t\t\t<div class=\"elementor-element elementor-element-c8f4eae elementor-widget elementor-widget-heading\" data-id=\"c8f4eae\" data-element_type=\"widget\" data-e-type=\"widget\" data-widget_type=\"heading.default\">\n\t\t\t\t\t<h2 class=\"elementor-heading-title elementor-size-default\">The team\nget to know<\/h2>\t\t\t\t<\/div>\n\t\t\t\t<div class=\"elementor-element elementor-element-425a5206 elementor-widget-divider--view-line elementor-widget elementor-widget-divider\" data-id=\"425a5206\" data-element_type=\"widget\" data-e-type=\"widget\" data-widget_type=\"divider.default\">\n\t\t\t\t\t\t\t<div class=\"elementor-divider\">\n\t\t\t<span class=\"elementor-divider-separator\">\n\t\t\t\t\t\t<\/span>\n\t\t<\/div>\n\t\t\t\t\t\t<\/div>\n\t\t\t\t<div class=\"elementor-element elementor-element-46149b71 elementor-widget elementor-widget-text-editor\" data-id=\"46149b71\" data-element_type=\"widget\" data-e-type=\"widget\" data-widget_type=\"text-editor.default\">\n\t\t\t\t\t\t\t\t\t<p><strong>That&#8217;s us &#8211; a strong team.<\/strong><br \/>Christenings, birthdays and other events, we can do that.<\/p>\n<p>We look forward to your inquiry and to a<br \/><span style=\"text-align: var(--text-align); color: var( --e-global-color-7008714 );\">Get to know us personally at the Ketschauer Hof!<\/span><\/p>\n\t\t\t\t\t\t\t\t<\/div>\n\t\t\t\t<div class=\"elementor-element elementor-element-1daca90 elementor-widget elementor-widget-button\" data-id=\"1daca90\" data-element_type=\"widget\" data-e-type=\"widget\" data-widget_type=\"button.default\">\n\t\t\t\t\t\t\t\t\t\t<a class=\"elementor-button elementor-button-link elementor-size-md\" href=\"https:\/\/www.ketschauer-hof.com\/en\/conference-celebration-events\/request\/\">\n\t\t\t\t\t\t<span class=\"elementor-button-content-wrapper\">\n\t\t\t\t\t\t\t\t\t<span class=\"elementor-button-text\">Request<\/span>\n\t\t\t\t\t<\/span>\n\t\t\t\t\t<\/a>\n\t\t\t\t\t\t\t\t<\/div>\n\t\t\t\t<\/div>\n\t\t\t\t\t<\/div>\n\t\t\t\t<\/div>\n\t\t<div class=\"elementor-element elementor-element-796dc231 animated-slow e-flex e-con-boxed elementor-invisible e-con e-parent\" data-id=\"796dc231\" data-element_type=\"container\" data-e-type=\"container\" data-settings=\"{&quot;animation&quot;:&quot;fadeInUp&quot;}\">\n\t\t\t\t\t<div class=\"e-con-inner\">\n\t\t\t\t<div class=\"elementor-element elementor-element-26e3cb02 btn-back elementor-widget elementor-widget-button\" data-id=\"26e3cb02\" data-element_type=\"widget\" data-e-type=\"widget\" data-widget_type=\"button.default\">\n\t\t\t\t\t\t\t\t\t\t<a class=\"elementor-button elementor-button-link elementor-size-xs\" href=\"#\">\n\t\t\t\t\t\t<span class=\"elementor-button-content-wrapper\">\n\t\t\t\t\t\t\t\t\t<span class=\"elementor-button-text\">back<\/span>\n\t\t\t\t\t<\/span>\n\t\t\t\t\t<\/a>\n\t\t\t\t\t\t\t\t<\/div>\n\t\t\t\t\t<\/div>\n\t\t\t\t<\/div>\n\t\t\t\t<\/div>\n\t\t","protected":false},"excerpt":{"rendered":"<p>Your celebration Baptism, Birthday &amp; celebrations We turn every occasion into a celebration! Our wine press house offers space for up to 110 people and can be variably designed and individually decorated. Here you can, for example hang personal pictures on the walls. What is possible, we make possible! In the historic barrel cellar &#8220;Cave [&hellip;]<\/p>\n","protected":false},"author":4,"featured_media":0,"parent":14044,"menu_order":10,"comment_status":"closed","ping_status":"closed","template":"","meta":{"_acf_changed":false,"footnotes":"","_links_to":"","_links_to_target":""},"class_list":["post-14046","page","type-page","status-publish","hentry"],"acf":[],"_links":{"self":[{"href":"https:\/\/www.ketschauer-hof.com\/en\/wp-json\/wp\/v2\/pages\/14046","targetHints":{"allow":["GET"]}}],"collection":[{"href":"https:\/\/www.ketschauer-hof.com\/en\/wp-json\/wp\/v2\/pages"}],"about":[{"href":"https:\/\/www.ketschauer-hof.com\/en\/wp-json\/wp\/v2\/types\/page"}],"author":[{"embeddable":true,"href":"https:\/\/www.ketschauer-hof.com\/en\/wp-json\/wp\/v2\/users\/4"}],"replies":[{"embeddable":true,"href":"https:\/\/www.ketschauer-hof.com\/en\/wp-json\/wp\/v2\/comments?post=14046"}],"version-history":[{"count":0,"href":"https:\/\/www.ketschauer-hof.com\/en\/wp-json\/wp\/v2\/pages\/14046\/revisions"}],"up":[{"embeddable":true,"href":"https:\/\/www.ketschauer-hof.com\/en\/wp-json\/wp\/v2\/pages\/14044"}],"wp:attachment":[{"href":"https:\/\/www.ketschauer-hof.com\/en\/wp-json\/wp\/v2\/media?parent=14046"}],"curies":[{"name":"wp","href":"https:\/\/api.w.org\/{rel}","templated":true}]}}