{"id":15676,"date":"2023-08-29T11:54:09","date_gmt":"2023-08-29T09:54:09","guid":{"rendered":"https:\/\/www.ketschauer-hof.com\/career\/trainees\/apprenticeship-cook-m-f-d\/"},"modified":"2024-07-09T14:55:58","modified_gmt":"2024-07-09T12:55:58","slug":"apprenticeship-cook-m-f-d","status":"publish","type":"page","link":"https:\/\/www.ketschauer-hof.com\/en\/career\/trainees\/apprenticeship-cook-m-f-d\/","title":{"rendered":"Apprenticeship cook (m\/f\/d)"},"content":{"rendered":"\t\t<div data-elementor-type=\"wp-page\" data-elementor-id=\"15676\" class=\"elementor elementor-15676 elementor-4859\" data-elementor-post-type=\"page\">\n\t\t\t\t<div class=\"elementor-element elementor-element-621600f2 bg-gradient-gold60-white40 e-flex e-con-boxed e-con e-parent\" data-id=\"621600f2\" data-element_type=\"container\" data-e-type=\"container\">\n\t\t\t\t\t<div class=\"e-con-inner\">\n\t\t<div class=\"elementor-element elementor-element-10df7c8b e-con-full animated-slow e-flex elementor-invisible e-con e-child\" data-id=\"10df7c8b\" data-element_type=\"container\" data-e-type=\"container\" data-settings=\"{&quot;animation&quot;:&quot;fadeInUp&quot;}\">\n\t\t\t\t<div class=\"elementor-element elementor-element-4e5a44a2 elementor-widget elementor-widget-shortcode\" data-id=\"4e5a44a2\" data-element_type=\"widget\" data-e-type=\"widget\" data-widget_type=\"shortcode.default\">\n\t\t\t\t\t\t\t<div class=\"elementor-shortcode\"><nav aria-label=\"breadcrumbs\" class=\"rank-math-breadcrumb\"><p><span class=\"last\">Home<\/span><\/p><\/nav><\/div>\n\t\t\t\t\t\t<\/div>\n\t\t\t\t<\/div>\n\t\t<div class=\"elementor-element elementor-element-699595ac e-con-full animated-slow elementor-hidden-tablet elementor-hidden-mobile e-flex elementor-invisible e-con e-child\" data-id=\"699595ac\" data-element_type=\"container\" data-e-type=\"container\" data-settings=\"{&quot;animation&quot;:&quot;fadeInUp&quot;}\">\n\t\t\t\t<\/div>\n\t\t\t\t\t<\/div>\n\t\t\t\t<\/div>\n\t\t<div class=\"elementor-element elementor-element-5e2141a4 bg-gradient-gold60-white40 e-flex e-con-boxed e-con e-parent\" data-id=\"5e2141a4\" data-element_type=\"container\" data-e-type=\"container\">\n\t\t\t\t\t<div class=\"e-con-inner\">\n\t\t<div class=\"elementor-element elementor-element-a15fd00 e-con-full animated-slow e-flex elementor-invisible e-con e-child\" data-id=\"a15fd00\" data-element_type=\"container\" data-e-type=\"container\" data-settings=\"{&quot;animation&quot;:&quot;fadeInUp&quot;}\">\n\t\t\t\t<div class=\"elementor-element elementor-element-7c20bdeb elementor-widget-divider--view-line elementor-widget elementor-widget-divider\" data-id=\"7c20bdeb\" data-element_type=\"widget\" data-e-type=\"widget\" data-widget_type=\"divider.default\">\n\t\t\t\t\t\t\t<div class=\"elementor-divider\">\n\t\t\t<span class=\"elementor-divider-separator\">\n\t\t\t\t\t\t<\/span>\n\t\t<\/div>\n\t\t\t\t\t\t<\/div>\n\t\t\t\t<\/div>\n\t\t\t\t\t<\/div>\n\t\t\t\t<\/div>\n\t\t<div class=\"elementor-element elementor-element-837315a bg-gradient-gold60-white40 e-flex e-con-boxed e-con e-parent\" data-id=\"837315a\" data-element_type=\"container\" data-e-type=\"container\">\n\t\t\t\t\t<div class=\"e-con-inner\">\n\t\t<div class=\"elementor-element elementor-element-6ce4a7d e-con-full animated-slow e-flex elementor-invisible e-con e-child\" data-id=\"6ce4a7d\" data-element_type=\"container\" data-e-type=\"container\" data-settings=\"{&quot;animation&quot;:&quot;fadeInUp&quot;}\">\n\t\t\t\t<div class=\"elementor-element elementor-element-17b2646 elementor-widget elementor-widget-heading\" data-id=\"17b2646\" data-element_type=\"widget\" data-e-type=\"widget\" data-widget_type=\"heading.default\">\n\t\t\t\t\t<h3 class=\"elementor-heading-title elementor-size-medium\">Your role and your sphere of influence:<\/h3>\t\t\t\t<\/div>\n\t\t\t\t<div class=\"elementor-element elementor-element-117b86a elementor-widget elementor-widget-text-editor\" data-id=\"117b86a\" data-element_type=\"widget\" data-e-type=\"widget\" data-widget_type=\"text-editor.default\">\n\t\t\t\t\t\t\t\t\t<p>Cooking is both a craft and an art. With us, you can learn one of the most varied and creative professions in the world. Chefs are real culinary experts.<\/p>\n<p>The core of their tasks is the preparation of meals and menus. To do this, they learn all the important working techniques and interesting facts about food.<\/p>\n<p>But cooking is by no means the end of the story, chefs are the professionals for all processes and planning in and around the kitchen: purchasing, storage, menu creation are all part of it. You organize the kitchen and work together with the service team. They always keep an eye on quality and guests&#8217; wishes.<\/p>\n<p>The training period is 3 years.<\/p>\n<p>You choose a creative job with future prospects and a wide range of training opportunities. Once you have successfully graduated from our company, the doors to hotels all over the world will be open to you!<\/p>\n\t\t\t\t\t\t\t\t<\/div>\n\t\t\t\t<div class=\"elementor-element elementor-element-e18d2d1 elementor-widget elementor-widget-spacer\" data-id=\"e18d2d1\" data-element_type=\"widget\" data-e-type=\"widget\" data-widget_type=\"spacer.default\">\n\t\t\t\t\t\t\t<div class=\"elementor-spacer\">\n\t\t\t<div class=\"elementor-spacer-inner\"><\/div>\n\t\t<\/div>\n\t\t\t\t\t\t<\/div>\n\t\t\t\t<div class=\"elementor-element elementor-element-54b77c8 elementor-widget elementor-widget-heading\" data-id=\"54b77c8\" data-element_type=\"widget\" data-e-type=\"widget\" data-widget_type=\"heading.default\">\n\t\t\t\t\t<h3 class=\"elementor-heading-title elementor-size-medium\">Why training with us is so great:<\/h3>\t\t\t\t<\/div>\n\t\t\t\t<div class=\"elementor-element elementor-element-cb00948 elementor-widget elementor-widget-text-editor\" data-id=\"cb00948\" data-element_type=\"widget\" data-e-type=\"widget\" data-widget_type=\"text-editor.default\">\n\t\t\t\t\t\t\t\t\t<ul>\n<li>you will enjoy solid professional training with competent contacts in one of the most popular hotels in southern Germany<\/li>\n<li>We live flat hierarchies<\/li>\n<li>We are versatile, our company includes two hotels and 4 restaurants and you will get to know all departments<\/li>\n<li>We offer in-service training and further education<\/li>\n<li>We support you with your exam preparation<\/li>\n<li>if you are interested and subject to availability, you can live in one of our staff houses<\/li>\n<li>we provide free lunch and dinner on your working days<\/li>\n<li>Numerous employee benefits on top<\/li>\n<\/ul>\n\t\t\t\t\t\t\t\t<\/div>\n\t\t\t\t<div class=\"elementor-element elementor-element-6f53d96 elementor-widget elementor-widget-spacer\" data-id=\"6f53d96\" data-element_type=\"widget\" data-e-type=\"widget\" data-widget_type=\"spacer.default\">\n\t\t\t\t\t\t\t<div class=\"elementor-spacer\">\n\t\t\t<div class=\"elementor-spacer-inner\"><\/div>\n\t\t<\/div>\n\t\t\t\t\t\t<\/div>\n\t\t\t\t<div class=\"elementor-element elementor-element-6c5ed39 elementor-widget elementor-widget-heading\" data-id=\"6c5ed39\" data-element_type=\"widget\" data-e-type=\"widget\" data-widget_type=\"heading.default\">\n\t\t\t\t\t<h3 class=\"elementor-heading-title elementor-size-medium\">You fit in with us if:<\/h3>\t\t\t\t<\/div>\n\t\t\t\t<div class=\"elementor-element elementor-element-1396402 elementor-widget elementor-widget-text-editor\" data-id=\"1396402\" data-element_type=\"widget\" data-e-type=\"widget\" data-widget_type=\"text-editor.default\">\n\t\t\t\t\t\t\t\t\t<ul>\n<li>you have at least a successfully completed secondary school leaving certificate<\/li>\n<li>you have initiative and creativity<\/li>\n<li>you have a certain amount of manual dexterity<\/li>\n<li>you have a passion for food, eating &amp; drinking<\/li>\n<li>you are optimistic and open-minded<\/li>\n<li>you are a team player and are looking forward to becoming an important part of our great team<\/li>\n<\/ul>\n\t\t\t\t\t\t\t\t<\/div>\n\t\t\t\t<div class=\"elementor-element elementor-element-5f2e79e elementor-widget elementor-widget-shortcode\" data-id=\"5f2e79e\" data-element_type=\"widget\" data-e-type=\"widget\" data-widget_type=\"shortcode.default\">\n\t\t\t\t\t\t\t<div class=\"elementor-shortcode\">      <form action=\"https:\/\/www.ketschauer-hof.com\/en\/career\/trainees\/job-application\/\" class=\"bewerbung_zulassen hyphenate\" method=\"post\"> \n        <input type=\"hidden\" name=\"stellentitel\" value=\"Apprenticeship cook (m\/f\/d)\"> \n        <input type=submit value=\"Apply here\" class=\"elementor-button elementor-button-link elementor-size-md bewerbungsbutton\">\n      <\/form>\n  <\/div>\n\t\t\t\t\t\t<\/div>\n\t\t\t\t<\/div>\n\t\t<div class=\"elementor-element elementor-element-65076cb e-con-full animated-slow e-flex elementor-invisible e-con e-child\" data-id=\"65076cb\" data-element_type=\"container\" data-e-type=\"container\" data-settings=\"{&quot;animation&quot;:&quot;fadeInUp&quot;}\">\n\t\t\t\t<div class=\"elementor-element elementor-element-0d74d4a overflow-hidden elementor-widget elementor-widget-image\" data-id=\"0d74d4a\" data-element_type=\"widget\" data-e-type=\"widget\" data-widget_type=\"image.default\">\n\t\t\t\t\t\t\t\t\t\t\t\t\t\t\t\t<a href=\"https:\/\/www.ketschauer-hof.com\/wp-content\/uploads\/2024\/02\/Auszubildende_Kueche.jpeg\" data-elementor-open-lightbox=\"yes\" data-elementor-lightbox-title=\"Apprentice_Kitchen\" data-elementor-lightbox-description=\"@ Leonie Becker \/ OneLion Media\" data-e-action-hash=\"#elementor-action%3Aaction%3Dlightbox%26settings%3DeyJpZCI6MTM0MDIsInVybCI6Imh0dHBzOlwvXC93d3cua2V0c2NoYXVlci1ob2YuY29tXC93cC1jb250ZW50XC91cGxvYWRzXC8yMDI0XC8wMlwvQXVzenViaWxkZW5kZV9LdWVjaGUuanBlZyJ9\">\n\t\t\t\t\t\t\t<img fetchpriority=\"high\" decoding=\"async\" width=\"768\" height=\"1350\" src=\"https:\/\/www.ketschauer-hof.com\/wp-content\/uploads\/2024\/02\/Auszubildende_Kueche-768x1350.jpeg\" class=\"elementor-animation-grow attachment-medium_large size-medium_large wp-image-13402\" alt=\"Dessertgl\u00e4ser werden von einer jungen K\u00f6chin gef\u00fcllt, im Restaurant RIVA\" srcset=\"https:\/\/www.ketschauer-hof.com\/wp-content\/uploads\/2024\/02\/Auszubildende_Kueche-768x1350.jpeg 768w, https:\/\/www.ketschauer-hof.com\/wp-content\/uploads\/2024\/02\/Auszubildende_Kueche-171x300.jpeg 171w, https:\/\/www.ketschauer-hof.com\/wp-content\/uploads\/2024\/02\/Auszubildende_Kueche-582x1024.jpeg 582w, https:\/\/www.ketschauer-hof.com\/wp-content\/uploads\/2024\/02\/Auszubildende_Kueche-874x1536.jpeg 874w, https:\/\/www.ketschauer-hof.com\/wp-content\/uploads\/2024\/02\/Auszubildende_Kueche-1165x2048.jpeg 1165w, https:\/\/www.ketschauer-hof.com\/wp-content\/uploads\/2024\/02\/Auszubildende_Kueche.jpeg 1294w\" sizes=\"(max-width: 768px) 100vw, 768px\" \/>\t\t\t\t\t\t\t\t<\/a>\n\t\t\t\t\t\t\t\t\t\t\t\t\t\t\t<\/div>\n\t\t\t\t<\/div>\n\t\t\t\t\t<\/div>\n\t\t\t\t<\/div>\n\t\t<div class=\"elementor-element elementor-element-a2d4b02 animated-slow e-flex e-con-boxed elementor-invisible e-con e-parent\" data-id=\"a2d4b02\" data-element_type=\"container\" data-e-type=\"container\" data-settings=\"{&quot;animation&quot;:&quot;fadeInUp&quot;}\">\n\t\t\t\t\t<div class=\"e-con-inner\">\n\t\t\t\t<div class=\"elementor-element elementor-element-e2d9b93 elementor-widget elementor-widget-heading\" data-id=\"e2d9b93\" data-element_type=\"widget\" data-e-type=\"widget\" data-widget_type=\"heading.default\">\n\t\t\t\t\t<h2 class=\"elementor-heading-title elementor-size-default\">Contact person<\/h2>\t\t\t\t<\/div>\n\t\t\t\t<div class=\"elementor-element elementor-element-1cfd34b elementor-widget-divider--view-line elementor-widget elementor-widget-divider\" data-id=\"1cfd34b\" data-element_type=\"widget\" data-e-type=\"widget\" data-widget_type=\"divider.default\">\n\t\t\t\t\t\t\t<div class=\"elementor-divider\">\n\t\t\t<span class=\"elementor-divider-separator\">\n\t\t\t\t\t\t<\/span>\n\t\t<\/div>\n\t\t\t\t\t\t<\/div>\n\t\t\t\t<div class=\"elementor-element elementor-element-ac530ca elementor-widget elementor-widget-template\" data-id=\"ac530ca\" data-element_type=\"widget\" data-e-type=\"widget\" data-widget_type=\"template.default\">\n\t\t\t\t<div class=\"elementor-widget-container\">\n\t\t\t\t\t\t\t<div class=\"elementor-template\">\n\t\t\t\t\t<div data-elementor-type=\"container\" data-elementor-id=\"14162\" class=\"elementor elementor-14162 elementor-11826 elementor-11826\" data-elementor-post-type=\"elementor_library\">\n\t\t\t\t<div class=\"elementor-element elementor-element-61f1ab92 animated-slow e-con-full e-flex elementor-invisible e-con e-parent\" data-id=\"61f1ab92\" data-element_type=\"container\" data-e-type=\"container\" data-settings=\"{&quot;animation&quot;:&quot;fadeInUp&quot;}\">\n\t\t\t\t<div class=\"elementor-element elementor-element-7220da74 elementor-widget elementor-widget-text-editor\" data-id=\"7220da74\" data-element_type=\"widget\" data-e-type=\"widget\" data-widget_type=\"text-editor.default\">\n\t\t\t\t\t\t\t\t\t<p>Contact the HR office <strong>via Whats App <br><\/strong>quickly and easily via mobile: <a href=\"tel:+4915140062051\">+49 (0) 151-40062051<\/a><\/p>\t\t\t\t\t\t\t\t<\/div>\n\t\t<div class=\"elementor-element elementor-element-4d8cf812 e-grid e-con-boxed e-con e-child\" data-id=\"4d8cf812\" data-element_type=\"container\" data-e-type=\"container\">\n\t\t\t\t\t<div class=\"e-con-inner\">\n\t\t<div class=\"elementor-element elementor-element-14024a5b e-flex e-con-boxed e-con e-child\" data-id=\"14024a5b\" data-element_type=\"container\" data-e-type=\"container\">\n\t\t\t\t\t<div class=\"e-con-inner\">\n\t\t\t\t<div class=\"elementor-element elementor-element-7707c6e5 overflow-hidden elementor-widget elementor-widget-image\" data-id=\"7707c6e5\" data-element_type=\"widget\" data-e-type=\"widget\" data-widget_type=\"image.default\">\n\t\t\t\t\t\t\t\t\t\t\t\t\t\t\t<img decoding=\"async\" width=\"768\" height=\"1002\" src=\"https:\/\/www.ketschauer-hof.com\/wp-content\/uploads\/2024\/10\/HR_Hochgesang_Nicole_CR_WEB-768x1002.jpg\" class=\"elementor-animation-grow attachment-medium_large size-medium_large wp-image-16418\" alt=\"Nicole Hochgesang, Head of Human Resources at Ketschauer Hof GmbH in Deidesheim\/ Palatinate\" srcset=\"https:\/\/www.ketschauer-hof.com\/wp-content\/uploads\/2024\/10\/HR_Hochgesang_Nicole_CR_WEB-768x1002.jpg 768w, https:\/\/www.ketschauer-hof.com\/wp-content\/uploads\/2024\/10\/HR_Hochgesang_Nicole_CR_WEB-230x300.jpg 230w, https:\/\/www.ketschauer-hof.com\/wp-content\/uploads\/2024\/10\/HR_Hochgesang_Nicole_CR_WEB-784x1024.jpg 784w, https:\/\/www.ketschauer-hof.com\/wp-content\/uploads\/2024\/10\/HR_Hochgesang_Nicole_CR_WEB-1177x1536.jpg 1177w, https:\/\/www.ketschauer-hof.com\/wp-content\/uploads\/2024\/10\/HR_Hochgesang_Nicole_CR_WEB.jpg 1500w\" sizes=\"(max-width: 768px) 100vw, 768px\" \/>\t\t\t\t\t\t\t\t\t\t\t\t\t\t\t<\/div>\n\t\t\t\t<div class=\"elementor-element elementor-element-3fc90f1 elementor-widget elementor-widget-text-editor\" data-id=\"3fc90f1\" data-element_type=\"widget\" data-e-type=\"widget\" data-widget_type=\"text-editor.default\">\n\t\t\t\t\t\t\t\t\t<p>Contact Human Resources Manager <strong>Nicole Hochgesang<br><\/strong>Phone: <a href=\"tel:+496326700036\">+49 (0) 6326-7000-36<\/a><br>E-mail: <a href=\"mailto:n.hochgesang@ketschauer-hof.com\">n.hochgesang@ketschauer-hof.com<\/a><\/p>\t\t\t\t\t\t\t\t<\/div>\n\t\t\t\t\t<\/div>\n\t\t\t\t<\/div>\n\t\t<div class=\"elementor-element elementor-element-e6b43e6 e-flex e-con-boxed e-con e-child\" data-id=\"e6b43e6\" data-element_type=\"container\" data-e-type=\"container\">\n\t\t\t\t\t<div class=\"e-con-inner\">\n\t\t\t\t<div class=\"elementor-element elementor-element-738157fb overflow-hidden elementor-widget elementor-widget-image\" data-id=\"738157fb\" data-element_type=\"widget\" data-e-type=\"widget\" data-widget_type=\"image.default\">\n\t\t\t\t\t\t\t\t\t\t\t\t\t\t\t<img decoding=\"async\" width=\"768\" height=\"1153\" src=\"https:\/\/www.ketschauer-hof.com\/wp-content\/uploads\/2023\/10\/ketschauer-hof-ralf-ole-leidner-768x1153.jpg\" class=\"elementor-animation-grow attachment-medium_large size-medium_large wp-image-12789\" alt=\"Ralf Ole Leidner, Managing Director of Ketschauer Hof GmbH\" srcset=\"https:\/\/www.ketschauer-hof.com\/wp-content\/uploads\/2023\/10\/ketschauer-hof-ralf-ole-leidner-768x1153.jpg 768w, https:\/\/www.ketschauer-hof.com\/wp-content\/uploads\/2023\/10\/ketschauer-hof-ralf-ole-leidner-200x300.jpg 200w, https:\/\/www.ketschauer-hof.com\/wp-content\/uploads\/2023\/10\/ketschauer-hof-ralf-ole-leidner-682x1024.jpg 682w, https:\/\/www.ketschauer-hof.com\/wp-content\/uploads\/2023\/10\/ketschauer-hof-ralf-ole-leidner-1023x1536.jpg 1023w, https:\/\/www.ketschauer-hof.com\/wp-content\/uploads\/2023\/10\/ketschauer-hof-ralf-ole-leidner-1364x2048.jpg 1364w, https:\/\/www.ketschauer-hof.com\/wp-content\/uploads\/2023\/10\/ketschauer-hof-ralf-ole-leidner-scaled.jpg 1705w\" sizes=\"(max-width: 768px) 100vw, 768px\" \/>\t\t\t\t\t\t\t\t\t\t\t\t\t\t\t<\/div>\n\t\t\t\t<div class=\"elementor-element elementor-element-4018498c elementor-widget elementor-widget-text-editor\" data-id=\"4018498c\" data-element_type=\"widget\" data-e-type=\"widget\" data-widget_type=\"text-editor.default\">\n\t\t\t\t\t\t\t\t\t<p>or contact our Managing Director <strong>Ole Leidner<\/strong><br>Phone: <a href=\"tel:+496326700092\">+49 (0) 6326-7000-92<\/a><br>E-mail: <a href=\"mailto:o.leidner@ketschauer-hof.com\">o.leidner@ketschauer-hof.com<\/a><\/p>\t\t\t\t\t\t\t\t<\/div>\n\t\t\t\t\t<\/div>\n\t\t\t\t<\/div>\n\t\t\t\t\t<\/div>\n\t\t\t\t<\/div>\n\t\t\t\t<\/div>\n\t\t\t\t<\/div>\n\t\t\t\t<\/div>\n\t\t\t\t\t\t<\/div>\n\t\t\t\t<\/div>\n\t\t\t\t\t<\/div>\n\t\t\t\t<\/div>\n\t\t<div class=\"elementor-element elementor-element-51d3e74 animated-slow e-flex e-con-boxed elementor-invisible e-con e-parent\" data-id=\"51d3e74\" data-element_type=\"container\" data-e-type=\"container\" data-settings=\"{&quot;animation&quot;:&quot;fadeInUp&quot;}\">\n\t\t\t\t\t<div class=\"e-con-inner\">\n\t\t\t\t<div class=\"elementor-element elementor-element-cbd2b57 btn-back elementor-widget elementor-widget-button\" data-id=\"cbd2b57\" data-element_type=\"widget\" data-e-type=\"widget\" data-widget_type=\"button.default\">\n\t\t\t\t\t\t\t\t\t\t<a class=\"elementor-button elementor-button-link elementor-size-xs\" href=\"#\">\n\t\t\t\t\t\t<span class=\"elementor-button-content-wrapper\">\n\t\t\t\t\t\t\t\t\t<span class=\"elementor-button-text\">back<\/span>\n\t\t\t\t\t<\/span>\n\t\t\t\t\t<\/a>\n\t\t\t\t\t\t\t\t<\/div>\n\t\t\t\t\t<\/div>\n\t\t\t\t<\/div>\n\t\t\t\t<\/div>\n\t\t","protected":false},"excerpt":{"rendered":"<p>Your role and your sphere of influence: Cooking is both a craft and an art. With us, you can learn one of the most varied and creative professions in the world. Chefs are real culinary experts. The core of their tasks is the preparation of meals and menus. To do this, they learn all the [&hellip;]<\/p>\n","protected":false},"author":8,"featured_media":0,"parent":15672,"menu_order":20,"comment_status":"closed","ping_status":"closed","template":"","meta":{"_acf_changed":false,"footnotes":"","_links_to":"","_links_to_target":""},"class_list":["post-15676","page","type-page","status-publish","hentry"],"acf":[],"_links":{"self":[{"href":"https:\/\/www.ketschauer-hof.com\/en\/wp-json\/wp\/v2\/pages\/15676","targetHints":{"allow":["GET"]}}],"collection":[{"href":"https:\/\/www.ketschauer-hof.com\/en\/wp-json\/wp\/v2\/pages"}],"about":[{"href":"https:\/\/www.ketschauer-hof.com\/en\/wp-json\/wp\/v2\/types\/page"}],"author":[{"embeddable":true,"href":"https:\/\/www.ketschauer-hof.com\/en\/wp-json\/wp\/v2\/users\/8"}],"replies":[{"embeddable":true,"href":"https:\/\/www.ketschauer-hof.com\/en\/wp-json\/wp\/v2\/comments?post=15676"}],"version-history":[{"count":0,"href":"https:\/\/www.ketschauer-hof.com\/en\/wp-json\/wp\/v2\/pages\/15676\/revisions"}],"up":[{"embeddable":true,"href":"https:\/\/www.ketschauer-hof.com\/en\/wp-json\/wp\/v2\/pages\/15672"}],"wp:attachment":[{"href":"https:\/\/www.ketschauer-hof.com\/en\/wp-json\/wp\/v2\/media?parent=15676"}],"curies":[{"name":"wp","href":"https:\/\/api.w.org\/{rel}","templated":true}]}}