{"id":21558,"date":"2026-01-28T08:18:50","date_gmt":"2026-01-28T07:18:50","guid":{"rendered":"https:\/\/www.ketschauer-hof.com\/culinary\/restaurant-l-a-jordan\/selected-events-exclusive-moments\/"},"modified":"2026-02-18T15:53:48","modified_gmt":"2026-02-18T14:53:48","slug":"selected-events-exclusive-moments","status":"publish","type":"page","link":"https:\/\/www.ketschauer-hof.com\/en\/culinary\/restaurant-l-a-jordan\/selected-events-exclusive-moments\/","title":{"rendered":"Selected Events. Exclusive Moments."},"content":{"rendered":"\t\t<div data-elementor-type=\"wp-page\" data-elementor-id=\"21558\" class=\"elementor elementor-21558 elementor-21542\" data-elementor-post-type=\"page\">\n\t\t\t\t<div class=\"elementor-element elementor-element-571e86d e-flex e-con-boxed e-con e-parent\" data-id=\"571e86d\" data-element_type=\"container\" data-e-type=\"container\">\n\t\t\t\t\t<div class=\"e-con-inner\">\n\t\t<div class=\"elementor-element elementor-element-5e46352 e-con-full animated-slow e-flex elementor-invisible e-con e-child\" data-id=\"5e46352\" data-element_type=\"container\" data-e-type=\"container\" data-settings=\"{&quot;animation&quot;:&quot;fadeInUp&quot;}\">\n\t\t\t\t<div class=\"elementor-element elementor-element-1e03123 elementor-widget elementor-widget-shortcode\" data-id=\"1e03123\" data-element_type=\"widget\" data-e-type=\"widget\" data-widget_type=\"shortcode.default\">\n\t\t\t\t\t\t\t<div class=\"elementor-shortcode\"><nav aria-label=\"breadcrumbs\" class=\"rank-math-breadcrumb\"><p><span class=\"last\">Home<\/span><\/p><\/nav><\/div>\n\t\t\t\t\t\t<\/div>\n\t\t\t\t<\/div>\n\t\t\t\t\t<\/div>\n\t\t\t\t<\/div>\n\t\t<div class=\"elementor-element elementor-element-0ec0720 animated-slow e-flex e-con-boxed elementor-invisible e-con e-parent\" data-id=\"0ec0720\" data-element_type=\"container\" data-e-type=\"container\" data-settings=\"{&quot;animation&quot;:&quot;fadeInUp&quot;}\">\n\t\t\t\t\t<div class=\"e-con-inner\">\n\t\t\t\t<div class=\"elementor-element elementor-element-153d21d elementor-widget elementor-widget-heading\" data-id=\"153d21d\" data-element_type=\"widget\" data-e-type=\"widget\" data-widget_type=\"heading.default\">\n\t\t\t\t\t<h2 class=\"elementor-heading-title elementor-size-medium\">Restaurant L.A. Jordan<\/h2>\t\t\t\t<\/div>\n\t\t\t\t<div class=\"elementor-element elementor-element-45a1e17 elementor-widget elementor-widget-heading\" data-id=\"45a1e17\" data-element_type=\"widget\" data-e-type=\"widget\" data-widget_type=\"heading.default\">\n\t\t\t\t\t<h1 class=\"elementor-heading-title elementor-size-default\">Selected Events. Exclusive Moments. <\/h1>\t\t\t\t<\/div>\n\t\t\t\t<div class=\"elementor-element elementor-element-b90cc4e elementor-widget-divider--view-line elementor-widget elementor-widget-global elementor-global-12974 elementor-global-883 elementor-widget-divider\" data-id=\"b90cc4e\" data-element_type=\"widget\" data-e-type=\"widget\" data-widget_type=\"divider.default\">\n\t\t\t\t\t\t\t<div class=\"elementor-divider\">\n\t\t\t<span class=\"elementor-divider-separator\">\n\t\t\t\t\t\t<\/span>\n\t\t<\/div>\n\t\t\t\t\t\t<\/div>\n\t\t\t\t<div class=\"elementor-element elementor-element-8ef127d elementor-widget elementor-widget-text-editor\" data-id=\"8ef127d\" data-element_type=\"widget\" data-e-type=\"widget\" data-widget_type=\"text-editor.default\">\n\t\t\t\t\t\t\t\t\t<p>Special culinary events &#8211; carefully curated.<\/p>\t\t\t\t\t\t\t\t<\/div>\n\t\t\t\t\t<\/div>\n\t\t\t\t<\/div>\n\t\t<div class=\"elementor-element elementor-element-375055b bg-gradient-gold60-white40 e-flex e-con-boxed e-con e-parent\" data-id=\"375055b\" data-element_type=\"container\" data-e-type=\"container\">\n\t\t\t\t\t<div class=\"e-con-inner\">\n\t\t<div class=\"elementor-element elementor-element-70cbaee e-con-full animated-slow e-flex elementor-invisible e-con e-child\" data-id=\"70cbaee\" data-element_type=\"container\" data-e-type=\"container\" data-settings=\"{&quot;animation&quot;:&quot;fadeInUp&quot;}\">\n\t\t\t\t<div class=\"elementor-element elementor-element-e610456 elementor-widget elementor-widget-heading\" data-id=\"e610456\" data-element_type=\"widget\" data-e-type=\"widget\" data-widget_type=\"heading.default\">\n\t\t\t\t\t<h2 class=\"elementor-heading-title elementor-size-default\">Domaine de la Roman\u00e9e-Conti\n<\/h2>\t\t\t\t<\/div>\n\t\t\t\t<div class=\"elementor-element elementor-element-55dc4bc elementor-widget-divider--view-line elementor-widget elementor-widget-divider\" data-id=\"55dc4bc\" data-element_type=\"widget\" data-e-type=\"widget\" data-widget_type=\"divider.default\">\n\t\t\t\t\t\t\t<div class=\"elementor-divider\">\n\t\t\t<span class=\"elementor-divider-separator\">\n\t\t\t\t\t\t<\/span>\n\t\t<\/div>\n\t\t\t\t\t\t<\/div>\n\t\t\t\t<div class=\"elementor-element elementor-element-a56ae46 elementor-widget elementor-widget-text-editor\" data-id=\"a56ae46\" data-element_type=\"widget\" data-e-type=\"widget\" data-widget_type=\"text-editor.default\">\n\t\t\t\t\t\t\t\t\t<p><strong>GUEST LEGENDS AT L. A. JORDAN<br>March 21 | SA | L.A. Jordan | 7 p.m.<\/strong><\/p><p><strong>La Quintessence du Go\u00fbt &#8211; An evening <\/strong><strong>with the wines of the Domaine de la Roman\u00e9e-Conti.<br><\/strong><br>There are moments when time seems to stand still.<br>Head chef Daniel Schimkowitsch and sommelier Stephan Nitzsche invite you to a culinary event of rare radiance:<br><br>An exclusive menu accompanied by the finest wines from the<br>Domaine de la Roman\u00e9e-Conti &#8211; the<br>vinophile legend that has been considered the<br>ultimate in Burgundian winemaking for centuries.<strong><br><\/strong><\/p>\t\t\t\t\t\t\t\t<\/div>\n\t\t\t\t<\/div>\n\t\t<div class=\"elementor-element elementor-element-190c1a9 e-con-full animated-slow e-flex elementor-invisible e-con e-child\" data-id=\"190c1a9\" data-element_type=\"container\" data-e-type=\"container\" data-settings=\"{&quot;animation&quot;:&quot;fadeInUp&quot;}\">\n\t\t\t\t<div class=\"elementor-element elementor-element-95400dc elementor--h-position-left elementor--v-position-bottom img-slide-with-caption elementor-widget elementor-widget-slides\" data-id=\"95400dc\" data-element_type=\"widget\" data-e-type=\"widget\" data-settings=\"{&quot;navigation&quot;:&quot;none&quot;,&quot;autoplay&quot;:&quot;yes&quot;,&quot;pause_on_hover&quot;:&quot;yes&quot;,&quot;pause_on_interaction&quot;:&quot;yes&quot;,&quot;autoplay_speed&quot;:5000,&quot;infinite&quot;:&quot;yes&quot;,&quot;transition&quot;:&quot;slide&quot;,&quot;transition_speed&quot;:500}\" data-widget_type=\"slides.default\">\n\t\t\t\t\t\t\t\t\t\t<div class=\"elementor-slides-wrapper elementor-main-swiper swiper\" role=\"region\" aria-roledescription=\"carousel\" aria-label=\"Slider\" dir=\"ltr\" data-animation=\"fadeInUp\">\n\t\t\t\t<div class=\"swiper-wrapper elementor-slides\">\n\t\t\t\t\t\t\t\t\t\t<div class=\"elementor-repeater-item-58a2e9a swiper-slide\" role=\"group\" aria-roledescription=\"slide\"><div class=\"swiper-slide-bg\" role=\"img\" aria-label=\"Weinbergsmauern des Weinguts Domaine de la Roman\u00e9e-Conti. Mit diesem Foto pr\u00e4sentieren wir die Veranstaltung mit gleichnamigem exklusivem Weingut in unsrem 2-Sterne-Restaurant L. A. Jordan in Deidesheim\/ Pfalz.\"><\/div><div class=\"swiper-slide-inner\" ><div class=\"swiper-slide-contents\"><\/div><\/div><\/div>\t\t\t\t<\/div>\n\t\t\t\t\t\t\t<\/div>\n\t\t\t\t\t\t\t\t<\/div>\n\t\t\t\t<\/div>\n\t\t\t\t\t<\/div>\n\t\t\t\t<\/div>\n\t\t<div class=\"elementor-element elementor-element-06721ee bg-gradient-white40-gold60 e-flex e-con-boxed e-con e-parent\" data-id=\"06721ee\" data-element_type=\"container\" data-e-type=\"container\">\n\t\t\t\t\t<div class=\"e-con-inner\">\n\t\t<div class=\"elementor-element elementor-element-1be5b82 e-con-full animated-slow e-flex elementor-invisible e-con e-child\" data-id=\"1be5b82\" data-element_type=\"container\" data-e-type=\"container\" data-settings=\"{&quot;animation&quot;:&quot;fadeInUp&quot;}\">\n\t\t\t\t<div class=\"elementor-element elementor-element-cfda2d4 elementor--h-position-left elementor--v-position-bottom img-slide-with-caption elementor-widget elementor-widget-slides\" data-id=\"cfda2d4\" data-element_type=\"widget\" data-e-type=\"widget\" data-settings=\"{&quot;navigation&quot;:&quot;none&quot;,&quot;autoplay&quot;:&quot;yes&quot;,&quot;pause_on_hover&quot;:&quot;yes&quot;,&quot;pause_on_interaction&quot;:&quot;yes&quot;,&quot;autoplay_speed&quot;:5000,&quot;infinite&quot;:&quot;yes&quot;,&quot;transition&quot;:&quot;slide&quot;,&quot;transition_speed&quot;:500}\" data-widget_type=\"slides.default\">\n\t\t\t\t\t\t\t\t\t\t<div class=\"elementor-slides-wrapper elementor-main-swiper swiper\" role=\"region\" aria-roledescription=\"carousel\" aria-label=\"Slider\" dir=\"ltr\" data-animation=\"fadeInUp\">\n\t\t\t\t<div class=\"swiper-wrapper elementor-slides\">\n\t\t\t\t\t\t\t\t\t\t<div class=\"elementor-repeater-item-58a2e9a swiper-slide\" role=\"group\" aria-roledescription=\"slide\"><div class=\"swiper-slide-bg\" role=\"img\" aria-label=\"Classic restaurant&quot; room in the 2-star gourmet restaurant, located on the estate of the Ketschauer Hof pleasure resort in Deidesheim\/Pfalz. The round tables, each for 2 to 4 people, are set with white and noble tablecloths. The room is centered by six historic sandstone columns. The window front in the background offers a view of the picturesque inner courtyard.\"><\/div><div class=\"swiper-slide-inner\" ><div class=\"swiper-slide-contents\"><\/div><\/div><\/div>\t\t\t\t<\/div>\n\t\t\t\t\t\t\t<\/div>\n\t\t\t\t\t\t\t\t<\/div>\n\t\t\t\t<\/div>\n\t\t<div class=\"elementor-element elementor-element-ccb05e0 e-con-full animated-slow e-flex elementor-invisible e-con e-child\" data-id=\"ccb05e0\" data-element_type=\"container\" data-e-type=\"container\" data-settings=\"{&quot;animation&quot;:&quot;fadeInUp&quot;}\">\n\t\t\t\t<div class=\"elementor-element elementor-element-63190c6 elementor-widget elementor-widget-text-editor\" data-id=\"63190c6\" data-element_type=\"widget\" data-e-type=\"widget\" data-widget_type=\"text-editor.default\">\n\t\t\t\t\t\t\t\t\t<p><strong>For wine lovers, the winery is the <\/strong><strong>holy grail of the wine world.<\/strong><\/p><p>The chalky soils of Vosne-Roman\u00e9e undoubtedly produce the most sought-after and expensive wines, which are revered by collectors and connoisseurs all over the world and are more than just big names.<br><br>Each bottle bears the legacy of generations, each glass tells of terroir, time and the quiet magic of Burgundy.<\/p>\t\t\t\t\t\t\t\t<\/div>\n\t\t\t\t<\/div>\n\t\t\t\t\t<\/div>\n\t\t\t\t<\/div>\n\t\t<div class=\"elementor-element elementor-element-cd03510 bg-gradient-gold60-white40 e-flex e-con-boxed e-con e-parent\" data-id=\"cd03510\" data-element_type=\"container\" data-e-type=\"container\">\n\t\t\t\t\t<div class=\"e-con-inner\">\n\t\t<div class=\"elementor-element elementor-element-212324e e-con-full animated-slow e-flex elementor-invisible e-con e-child\" data-id=\"212324e\" data-element_type=\"container\" data-e-type=\"container\" data-settings=\"{&quot;animation&quot;:&quot;fadeInUp&quot;}\">\n\t\t\t\t<div class=\"elementor-element elementor-element-8387b6e elementor-widget elementor-widget-text-editor\" data-id=\"8387b6e\" data-element_type=\"widget\" data-e-type=\"widget\" data-widget_type=\"text-editor.default\">\n\t\t\t\t\t\t\t\t\t<p>Today we are pouring you <strong>some of the rare<\/strong><br><strong>jewels<\/strong> from this legendary domaine:<\/p><p><strong>2020 Corton-Charlemagne,<br>2020 Ech\u00e9zeaux, <\/strong><br><strong>2017 Richebourg, <\/strong><br><strong>2017 Roman\u00e9e-Saint-Vivant<\/strong> <br>and<strong> 2017 La T\u00e2che<\/strong>.<\/p><p>And for those in search of the incomparable,<strong>the legendary Roman\u00e9e-<\/strong><br><strong>Conti<\/strong> (2017 vintage) itself opens &#8211; in<strong> strictly <\/strong><strong>limited quantities<\/strong>: a wine that is considered the essence of elegance worldwide.<\/p>\t\t\t\t\t\t\t\t<\/div>\n\t\t\t\t<\/div>\n\t\t<div class=\"elementor-element elementor-element-d9994e6 e-con-full animated-slow e-flex elementor-invisible e-con e-child\" data-id=\"d9994e6\" data-element_type=\"container\" data-e-type=\"container\" data-settings=\"{&quot;animation&quot;:&quot;fadeInUp&quot;}\">\n\t\t\t\t<div class=\"elementor-element elementor-element-bc9ba2a elementor--h-position-left elementor--v-position-bottom img-slide-with-caption elementor-widget elementor-widget-slides\" data-id=\"bc9ba2a\" data-element_type=\"widget\" data-e-type=\"widget\" data-settings=\"{&quot;navigation&quot;:&quot;none&quot;,&quot;autoplay&quot;:&quot;yes&quot;,&quot;pause_on_hover&quot;:&quot;yes&quot;,&quot;pause_on_interaction&quot;:&quot;yes&quot;,&quot;autoplay_speed&quot;:5000,&quot;infinite&quot;:&quot;yes&quot;,&quot;transition&quot;:&quot;slide&quot;,&quot;transition_speed&quot;:500}\" data-widget_type=\"slides.default\">\n\t\t\t\t\t\t\t\t\t\t<div class=\"elementor-slides-wrapper elementor-main-swiper swiper\" role=\"region\" aria-roledescription=\"carousel\" aria-label=\"Slider\" dir=\"ltr\" data-animation=\"fadeInUp\">\n\t\t\t\t<div class=\"swiper-wrapper elementor-slides\">\n\t\t\t\t\t\t\t\t\t\t<div class=\"elementor-repeater-item-58a2e9a swiper-slide\" role=\"group\" aria-roledescription=\"slide\"><div class=\"swiper-slide-bg\" role=\"img\" aria-label=\"&quot;Winter Garden&quot; room in the 2-star gourmet restaurant L. A. Jordan in Deidesheim\/Pfalz. The picture shows a puristically stylishly laid table.\"><\/div><div class=\"swiper-slide-inner\" ><div class=\"swiper-slide-contents\"><\/div><\/div><\/div>\t\t\t\t<\/div>\n\t\t\t\t\t\t\t<\/div>\n\t\t\t\t\t\t\t\t<\/div>\n\t\t\t\t<\/div>\n\t\t\t\t\t<\/div>\n\t\t\t\t<\/div>\n\t\t<div class=\"elementor-element elementor-element-cbd7b67 bg-gradient-white40-gold60 e-flex e-con-boxed e-con e-parent\" data-id=\"cbd7b67\" data-element_type=\"container\" data-e-type=\"container\">\n\t\t\t\t\t<div class=\"e-con-inner\">\n\t\t<div class=\"elementor-element elementor-element-0529e4f e-con-full animated-slow e-flex elementor-invisible e-con e-child\" data-id=\"0529e4f\" data-element_type=\"container\" data-e-type=\"container\" data-settings=\"{&quot;animation&quot;:&quot;fadeInUp&quot;}\">\n\t\t\t\t<div class=\"elementor-element elementor-element-0ec7684 elementor--h-position-left elementor--v-position-bottom img-slide-with-caption elementor-widget elementor-widget-slides\" data-id=\"0ec7684\" data-element_type=\"widget\" data-e-type=\"widget\" data-settings=\"{&quot;navigation&quot;:&quot;none&quot;,&quot;autoplay&quot;:&quot;yes&quot;,&quot;pause_on_hover&quot;:&quot;yes&quot;,&quot;pause_on_interaction&quot;:&quot;yes&quot;,&quot;autoplay_speed&quot;:5000,&quot;infinite&quot;:&quot;yes&quot;,&quot;transition&quot;:&quot;slide&quot;,&quot;transition_speed&quot;:500}\" data-widget_type=\"slides.default\">\n\t\t\t\t\t\t\t\t\t\t<div class=\"elementor-slides-wrapper elementor-main-swiper swiper\" role=\"region\" aria-roledescription=\"carousel\" aria-label=\"Slider\" dir=\"ltr\" data-animation=\"fadeInUp\">\n\t\t\t\t<div class=\"swiper-wrapper elementor-slides\">\n\t\t\t\t\t\t\t\t\t\t<div class=\"elementor-repeater-item-58a2e9a swiper-slide\" role=\"group\" aria-roledescription=\"slide\"><div class=\"swiper-slide-bg\" role=\"img\" aria-label=\"Food photography, taken at the 2-star restaurant L. A. Jordan in Deidesheim\/Pfalz: kinmedai, vandouvan, wild calamansi and dill\"><\/div><div class=\"swiper-slide-inner\" ><div class=\"swiper-slide-contents\"><\/div><\/div><\/div>\t\t\t\t<\/div>\n\t\t\t\t\t\t\t<\/div>\n\t\t\t\t\t\t\t\t<\/div>\n\t\t\t\t<\/div>\n\t\t<div class=\"elementor-element elementor-element-62e97d0 e-con-full animated-slow e-flex elementor-invisible e-con e-child\" data-id=\"62e97d0\" data-element_type=\"container\" data-e-type=\"container\" data-settings=\"{&quot;animation&quot;:&quot;fadeInUp&quot;}\">\n\t\t\t\t<div class=\"elementor-element elementor-element-74533d3 elementor-widget elementor-widget-text-editor\" data-id=\"74533d3\" data-element_type=\"widget\" data-e-type=\"widget\" data-widget_type=\"text-editor.default\">\n\t\t\t\t\t\t\t\t\t<p><strong>Daniel Schimkowitsch creates a menu <\/strong><strong>in six courses<\/strong> &#8211; finely composed and with the creative depth that makes his cuisine one of the most exciting in Germany.<\/p><p><strong>An evening created for those who seek the <\/strong><strong>the extraordinary.<\/strong><\/p><p>INCL. 6-COURSE MENU &amp; APERITIF, <br>LEGENDARY DRC WINES, WATER AND COFFEE<br>TICKET \u20ac 1,800 <\/p>\t\t\t\t\t\t\t\t<\/div>\n\t\t\t\t<div class=\"elementor-element elementor-element-3ba2e9b elementor-widget elementor-widget-button\" data-id=\"3ba2e9b\" data-element_type=\"widget\" data-e-type=\"widget\" data-widget_type=\"button.default\">\n\t\t\t\t\t\t\t\t\t\t<a class=\"elementor-button elementor-button-link elementor-size-md\" href=\"https:\/\/voucherbooking.de\/ketschauerhof\/voucher\/7fbc3ca1-53c5-4384-b4ac-d5d8883c8d0b\" target=\"_blank\" rel=\"noopener\">\n\t\t\t\t\t\t<span class=\"elementor-button-content-wrapper\">\n\t\t\t\t\t\t\t\t\t<span class=\"elementor-button-text\">To the ticket<\/span>\n\t\t\t\t\t<\/span>\n\t\t\t\t\t<\/a>\n\t\t\t\t\t\t\t\t<\/div>\n\t\t\t\t<div class=\"elementor-element elementor-element-4016587 elementor-widget elementor-widget-text-editor\" data-id=\"4016587\" data-element_type=\"widget\" data-e-type=\"widget\" data-widget_type=\"text-editor.default\">\n\t\t\t\t\t\t\t\t\t<p><br>INCL. 1 GLASS OF ROMAN\u00c9E-CONTI<br>TICKET \u20ac 2,800 <\/p>\t\t\t\t\t\t\t\t<\/div>\n\t\t\t\t<div class=\"elementor-element elementor-element-d815918 elementor-widget elementor-widget-button\" data-id=\"d815918\" data-element_type=\"widget\" data-e-type=\"widget\" data-widget_type=\"button.default\">\n\t\t\t\t\t\t\t\t\t\t<a class=\"elementor-button elementor-button-link elementor-size-md\" href=\"https:\/\/voucherbooking.de\/ketschauerhof\/voucher\/9556aa50-8c06-4f08-bdcd-e69ec1bac57f\" target=\"_blank\" rel=\"noopener\">\n\t\t\t\t\t\t<span class=\"elementor-button-content-wrapper\">\n\t\t\t\t\t\t\t\t\t<span class=\"elementor-button-text\">To the ticket<\/span>\n\t\t\t\t\t<\/span>\n\t\t\t\t\t<\/a>\n\t\t\t\t\t\t\t\t<\/div>\n\t\t\t\t<\/div>\n\t\t\t\t\t<\/div>\n\t\t\t\t<\/div>\n\t\t<div class=\"elementor-element elementor-element-6069773 animated-slow e-flex e-con-boxed elementor-invisible e-con e-parent\" data-id=\"6069773\" data-element_type=\"container\" data-e-type=\"container\" data-settings=\"{&quot;animation&quot;:&quot;fadeInUp&quot;}\">\n\t\t\t\t\t<div class=\"e-con-inner\">\n\t\t\t\t<div class=\"elementor-element elementor-element-f19bba3 btn-back elementor-widget elementor-widget-button\" data-id=\"f19bba3\" data-element_type=\"widget\" data-e-type=\"widget\" data-widget_type=\"button.default\">\n\t\t\t\t\t\t\t\t\t\t<a class=\"elementor-button elementor-button-link elementor-size-xs\" href=\"#\">\n\t\t\t\t\t\t<span class=\"elementor-button-content-wrapper\">\n\t\t\t\t\t\t\t\t\t<span class=\"elementor-button-text\">back<\/span>\n\t\t\t\t\t<\/span>\n\t\t\t\t\t<\/a>\n\t\t\t\t\t\t\t\t<\/div>\n\t\t\t\t\t<\/div>\n\t\t\t\t<\/div>\n\t\t\t\t<\/div>\n\t\t","protected":false},"excerpt":{"rendered":"<p>Restaurant L.A. Jordan Selected Events. Exclusive Moments. Special culinary events &#8211; carefully curated. Domaine de la Roman\u00e9e-Conti GUEST LEGENDS AT L. A. JORDANMarch 21 | SA | L.A. Jordan | 7 p.m. La Quintessence du Go\u00fbt &#8211; An evening with the wines of the Domaine de la Roman\u00e9e-Conti.There are moments when time seems to stand [&hellip;]<\/p>\n","protected":false},"author":4,"featured_media":0,"parent":14015,"menu_order":38,"comment_status":"closed","ping_status":"closed","template":"","meta":{"_acf_changed":false,"footnotes":"","_links_to":"","_links_to_target":""},"class_list":["post-21558","page","type-page","status-publish","hentry"],"acf":[],"_links":{"self":[{"href":"https:\/\/www.ketschauer-hof.com\/en\/wp-json\/wp\/v2\/pages\/21558","targetHints":{"allow":["GET"]}}],"collection":[{"href":"https:\/\/www.ketschauer-hof.com\/en\/wp-json\/wp\/v2\/pages"}],"about":[{"href":"https:\/\/www.ketschauer-hof.com\/en\/wp-json\/wp\/v2\/types\/page"}],"author":[{"embeddable":true,"href":"https:\/\/www.ketschauer-hof.com\/en\/wp-json\/wp\/v2\/users\/4"}],"replies":[{"embeddable":true,"href":"https:\/\/www.ketschauer-hof.com\/en\/wp-json\/wp\/v2\/comments?post=21558"}],"version-history":[{"count":3,"href":"https:\/\/www.ketschauer-hof.com\/en\/wp-json\/wp\/v2\/pages\/21558\/revisions"}],"predecessor-version":[{"id":21667,"href":"https:\/\/www.ketschauer-hof.com\/en\/wp-json\/wp\/v2\/pages\/21558\/revisions\/21667"}],"up":[{"embeddable":true,"href":"https:\/\/www.ketschauer-hof.com\/en\/wp-json\/wp\/v2\/pages\/14015"}],"wp:attachment":[{"href":"https:\/\/www.ketschauer-hof.com\/en\/wp-json\/wp\/v2\/media?parent=21558"}],"curies":[{"name":"wp","href":"https:\/\/api.w.org\/{rel}","templated":true}]}}